{"id":871,"date":"2025-01-30T14:12:29","date_gmt":"2025-01-30T13:12:29","guid":{"rendered":"https:\/\/www.virtuelle-anlage.de\/?page_id=871"},"modified":"2025-11-20T11:35:44","modified_gmt":"2025-11-20T10:35:44","slug":"solutions","status":"publish","type":"page","link":"https:\/\/www.winmod.de\/en\/solutions\/","title":{"rendered":"Solutions"},"content":{"rendered":"<div data-elementor-type=\"wp-page\" data-elementor-id=\"871\" class=\"elementor elementor-871\" data-elementor-post-type=\"page\">\n\t\t\t\t<div class=\"elementor-element elementor-element-d4aa57e e-flex e-con-boxed e-con e-parent\" data-id=\"d4aa57e\" data-element_type=\"container\" data-e-type=\"container\">\n\t\t\t\t\t<div class=\"e-con-inner\">\n\t\t<div class=\"elementor-element elementor-element-9190c9c e-con-full e-flex e-con e-child\" data-id=\"9190c9c\" data-element_type=\"container\" data-e-type=\"container\">\n\t\t\t\t<div class=\"elementor-element elementor-element-62fd1ef elementor-widget elementor-widget-heading\" data-id=\"62fd1ef\" data-element_type=\"widget\" data-e-type=\"widget\" data-widget_type=\"heading.default\">\n\t\t\t\t<div class=\"elementor-widget-container\">\n\t\t\t\t\t<div class=\"elementor-heading-title elementor-size-default\">Solutions<\/div>\t\t\t\t<\/div>\n\t\t\t\t<\/div>\n\t\t\t\t<div class=\"elementor-element elementor-element-6da4f67 elementor-widget elementor-widget-heading\" data-id=\"6da4f67\" data-element_type=\"widget\" data-e-type=\"widget\" data-widget_type=\"heading.default\">\n\t\t\t\t<div class=\"elementor-widget-container\">\n\t\t\t\t\t<h1 class=\"elementor-heading-title elementor-size-default\">Solutions for factory and process automation in one system<\/h1>\t\t\t\t<\/div>\n\t\t\t\t<\/div>\n\t\t\t\t<div class=\"elementor-element elementor-element-b770167 elementor-widget elementor-widget-text-editor\" data-id=\"b770167\" data-element_type=\"widget\" data-e-type=\"widget\" data-widget_type=\"text-editor.default\">\n\t\t\t\t<div class=\"elementor-widget-container\">\n\t\t\t\t\t\t\t\t\t<p>WinMOD combines technologies to offer tailor-made solutions for your industry.<\/p>\t\t\t\t\t\t\t\t<\/div>\n\t\t\t\t<\/div>\n\t\t\t\t<\/div>\n\t\t\t\t\t<\/div>\n\t\t\t\t<\/div>\n\t\t<div class=\"elementor-element elementor-element-f6e030d e-flex e-con-boxed e-con e-parent\" data-id=\"f6e030d\" data-element_type=\"container\" data-e-type=\"container\">\n\t\t\t\t\t<div class=\"e-con-inner\">\n\t\t<a class=\"elementor-element elementor-element-6293bef e-con-full e-flex e-con e-child\" data-id=\"6293bef\" data-element_type=\"container\" data-e-type=\"container\" data-settings=\"{&quot;background_background&quot;:&quot;classic&quot;}\" href=\"https:\/\/www.winmod.de\/en\/solutions\/factory-automation\/\">\n\t\t<div class=\"elementor-element elementor-element-ed074f2 e-con-full e-flex e-con e-child\" data-id=\"ed074f2\" data-element_type=\"container\" data-e-type=\"container\">\n\t\t\t\t<div class=\"elementor-element elementor-element-e54caae elementor-widget elementor-widget-heading\" data-id=\"e54caae\" data-element_type=\"widget\" data-e-type=\"widget\" data-widget_type=\"heading.default\">\n\t\t\t\t<div class=\"elementor-widget-container\">\n\t\t\t\t\t<h2 class=\"elementor-heading-title elementor-size-default\">Factory automation<\/h2>\t\t\t\t<\/div>\n\t\t\t\t<\/div>\n\t\t\t\t<div class=\"elementor-element elementor-element-c6c37a8 elementor-widget elementor-widget-text-editor\" data-id=\"c6c37a8\" data-element_type=\"widget\" data-e-type=\"widget\" data-widget_type=\"text-editor.default\">\n\t\t\t\t<div class=\"elementor-widget-container\">\n\t\t\t\t\t\t\t\t\t<p>WinMOD improves your factory automation through the precise virtualisation and integration of control, measurement and regulation technologies in real time.<\/p>\t\t\t\t\t\t\t\t<\/div>\n\t\t\t\t<\/div>\n\t\t\t\t<\/div>\n\t\t\t\t<div class=\"elementor-element elementor-element-530108e elementor-view-default elementor-widget elementor-widget-icon\" data-id=\"530108e\" data-element_type=\"widget\" data-e-type=\"widget\" data-widget_type=\"icon.default\">\n\t\t\t\t<div class=\"elementor-widget-container\">\n\t\t\t\t\t\t\t<div class=\"elementor-icon-wrapper\">\n\t\t\t<div class=\"elementor-icon\">\n\t\t\t<svg aria-hidden=\"true\" class=\"e-font-icon-svg e-fas-arrow-circle-right\" viewbox=\"0 0 512 512\" xmlns=\"http:\/\/www.w3.org\/2000\/svg\"><path d=\"M256 8c137 0 248 111 248 248S393 504 256 504 8 393 8 256 119 8 256 8zm-28.9 143.6l75.5 72.4H120c-13.3 0-24 10.7-24 24v16c0 13.3 10.7 24 24 24h182.6l-75.5 72.4c-9.7 9.3-9.9 24.8-.4 34.3l11 10.9c9.4 9.4 24.6 9.4 33.9 0L404.3 273c9.4-9.4 9.4-24.6 0-33.9L271.6 106.3c-9.4-9.4-24.6-9.4-33.9 0l-11 10.9c-9.5 9.6-9.3 25.1.4 34.4z\"><\/path><\/svg>\t\t\t<\/div>\n\t\t<\/div>\n\t\t\t\t\t\t<\/div>\n\t\t\t\t<\/div>\n\t\t\t\t<\/a>\n\t\t<a class=\"elementor-element elementor-element-9427180 e-con-full e-flex e-con e-child\" data-id=\"9427180\" data-element_type=\"container\" data-e-type=\"container\" data-settings=\"{&quot;background_background&quot;:&quot;classic&quot;}\" href=\"https:\/\/www.winmod.de\/en\/solutions\/process-automation\/\">\n\t\t<div class=\"elementor-element elementor-element-0a8a054 e-con-full e-flex e-con e-child\" data-id=\"0a8a054\" data-element_type=\"container\" data-e-type=\"container\">\n\t\t\t\t<div class=\"elementor-element elementor-element-8082ac8 elementor-widget elementor-widget-heading\" data-id=\"8082ac8\" data-element_type=\"widget\" data-e-type=\"widget\" data-widget_type=\"heading.default\">\n\t\t\t\t<div class=\"elementor-widget-container\">\n\t\t\t\t\t<h2 class=\"elementor-heading-title elementor-size-default\">Process automation<\/h2>\t\t\t\t<\/div>\n\t\t\t\t<\/div>\n\t\t\t\t<div class=\"elementor-element elementor-element-cba4abb elementor-widget elementor-widget-text-editor\" data-id=\"cba4abb\" data-element_type=\"widget\" data-e-type=\"widget\" data-widget_type=\"text-editor.default\">\n\t\t\t\t<div class=\"elementor-widget-container\">\n\t\t\t\t\t\t\t\t\t<p>WinMOD process simulation enables you to optimise production processes through precise virtualisation with integrated automation technologies.<\/p>\t\t\t\t\t\t\t\t<\/div>\n\t\t\t\t<\/div>\n\t\t\t\t<\/div>\n\t\t\t\t<div class=\"elementor-element elementor-element-e309195 elementor-view-default elementor-widget elementor-widget-icon\" data-id=\"e309195\" data-element_type=\"widget\" data-e-type=\"widget\" data-widget_type=\"icon.default\">\n\t\t\t\t<div class=\"elementor-widget-container\">\n\t\t\t\t\t\t\t<div class=\"elementor-icon-wrapper\">\n\t\t\t<div class=\"elementor-icon\">\n\t\t\t<svg aria-hidden=\"true\" class=\"e-font-icon-svg e-fas-arrow-circle-right\" viewbox=\"0 0 512 512\" xmlns=\"http:\/\/www.w3.org\/2000\/svg\"><path d=\"M256 8c137 0 248 111 248 248S393 504 256 504 8 393 8 256 119 8 256 8zm-28.9 143.6l75.5 72.4H120c-13.3 0-24 10.7-24 24v16c0 13.3 10.7 24 24 24h182.6l-75.5 72.4c-9.7 9.3-9.9 24.8-.4 34.3l11 10.9c9.4 9.4 24.6 9.4 33.9 0L404.3 273c9.4-9.4 9.4-24.6 0-33.9L271.6 106.3c-9.4-9.4-24.6-9.4-33.9 0l-11 10.9c-9.5 9.6-9.3 25.1.4 34.4z\"><\/path><\/svg>\t\t\t<\/div>\n\t\t<\/div>\n\t\t\t\t\t\t<\/div>\n\t\t\t\t<\/div>\n\t\t\t\t<\/a>\n\t\t<a class=\"elementor-element elementor-element-dce0b89 e-con-full e-flex e-con e-child\" data-id=\"dce0b89\" data-element_type=\"container\" data-e-type=\"container\" data-settings=\"{&quot;background_background&quot;:&quot;classic&quot;}\" href=\"https:\/\/www.winmod.de\/en\/solutions\/automobile-construction\/\">\n\t\t<div class=\"elementor-element elementor-element-4311ec0 e-con-full e-flex e-con e-child\" data-id=\"4311ec0\" data-element_type=\"container\" data-e-type=\"container\">\n\t\t\t\t<div class=\"elementor-element elementor-element-c120d0b elementor-widget elementor-widget-heading\" data-id=\"c120d0b\" data-element_type=\"widget\" data-e-type=\"widget\" data-widget_type=\"heading.default\">\n\t\t\t\t<div class=\"elementor-widget-container\">\n\t\t\t\t\t<h2 class=\"elementor-heading-title elementor-size-default\">Automotive manufacturing<\/h2>\t\t\t\t<\/div>\n\t\t\t\t<\/div>\n\t\t\t\t<div class=\"elementor-element elementor-element-3a04e17 elementor-widget elementor-widget-text-editor\" data-id=\"3a04e17\" data-element_type=\"widget\" data-e-type=\"widget\" data-widget_type=\"text-editor.default\">\n\t\t\t\t<div class=\"elementor-widget-container\">\n\t\t\t\t\t\t\t\t\t<p>WinMOD is used to build \u201ereal\u201c virtual cars. From the body shell to the \u201emarriage\u201c and final assembly, production chains are mapped completely virtually and realistically.\u00a0<\/p>\t\t\t\t\t\t\t\t<\/div>\n\t\t\t\t<\/div>\n\t\t\t\t<\/div>\n\t\t\t\t<div class=\"elementor-element elementor-element-7dd4130 elementor-view-default elementor-widget elementor-widget-icon\" data-id=\"7dd4130\" data-element_type=\"widget\" data-e-type=\"widget\" data-widget_type=\"icon.default\">\n\t\t\t\t<div class=\"elementor-widget-container\">\n\t\t\t\t\t\t\t<div class=\"elementor-icon-wrapper\">\n\t\t\t<div class=\"elementor-icon\">\n\t\t\t<svg aria-hidden=\"true\" class=\"e-font-icon-svg e-fas-arrow-circle-right\" viewbox=\"0 0 512 512\" xmlns=\"http:\/\/www.w3.org\/2000\/svg\"><path d=\"M256 8c137 0 248 111 248 248S393 504 256 504 8 393 8 256 119 8 256 8zm-28.9 143.6l75.5 72.4H120c-13.3 0-24 10.7-24 24v16c0 13.3 10.7 24 24 24h182.6l-75.5 72.4c-9.7 9.3-9.9 24.8-.4 34.3l11 10.9c9.4 9.4 24.6 9.4 33.9 0L404.3 273c9.4-9.4 9.4-24.6 0-33.9L271.6 106.3c-9.4-9.4-24.6-9.4-33.9 0l-11 10.9c-9.5 9.6-9.3 25.1.4 34.4z\"><\/path><\/svg>\t\t\t<\/div>\n\t\t<\/div>\n\t\t\t\t\t\t<\/div>\n\t\t\t\t<\/div>\n\t\t\t\t<\/a>\n\t\t\t\t\t<\/div>\n\t\t\t\t<\/div>\n\t\t\t\t<\/div>","protected":false},"excerpt":{"rendered":"<p>L\u00f6sungen L\u00f6sungen f\u00fcr die Fabrik- und Prozessautomation in einem System WinMOD kombiniert Technologien und bietet damit ma\u00dfgeschneiderte L\u00f6sungen f\u00fcr Ihre Branche. Fabrikautomation WinMOD verbessert Ihre Fabrikautomation durch die pr\u00e4zise Virtualisierung und Integration von Steuerungs-, Mess- und Regeltechnologien in Echtzeit. Prozessautomation Mit der WinMOD-Prozesssimulation optimieren Sie Produktionsprozesse durch pr\u00e4zise Virtualisierung mit integrierten Automatisierungstechnologien. Automobilbau Mit WinMOD [&hellip;]<\/p>","protected":false},"author":2,"featured_media":0,"parent":0,"menu_order":0,"comment_status":"closed","ping_status":"closed","template":"","meta":{"_acf_changed":false,"footnotes":""},"class_list":["post-871","page","type-page","status-publish","hentry"],"acf":[],"yoast_head":"<!-- This site is optimized with the Yoast SEO plugin v26.9 - https:\/\/yoast.com\/product\/yoast-seo-wordpress\/ -->\n<title>L\u00f6sungen &#8212; WinMOD<\/title>\n<meta name=\"robots\" content=\"index, follow, max-snippet:-1, max-image-preview:large, max-video-preview:-1\" \/>\n<link rel=\"canonical\" href=\"https:\/\/www.winmod.de\/en\/solutions\/\" \/>\n<meta property=\"og:locale\" content=\"en_GB\" \/>\n<meta property=\"og:type\" content=\"article\" \/>\n<meta property=\"og:title\" content=\"L\u00f6sungen &#8212; WinMOD\" \/>\n<meta property=\"og:description\" content=\"L\u00f6sungen L\u00f6sungen f\u00fcr die Fabrik- und Prozessautomation in einem System WinMOD kombiniert Technologien und bietet damit ma\u00dfgeschneiderte L\u00f6sungen f\u00fcr Ihre Branche. Fabrikautomation WinMOD verbessert Ihre Fabrikautomation durch die pr\u00e4zise Virtualisierung und Integration von Steuerungs-, Mess- und Regeltechnologien in Echtzeit. Prozessautomation Mit der WinMOD-Prozesssimulation optimieren Sie Produktionsprozesse durch pr\u00e4zise Virtualisierung mit integrierten Automatisierungstechnologien. Automobilbau Mit WinMOD [&hellip;]\" \/>\n<meta property=\"og:url\" content=\"https:\/\/www.winmod.de\/en\/solutions\/\" \/>\n<meta property=\"og:site_name\" content=\"WinMOD\" \/>\n<meta property=\"article:modified_time\" content=\"2025-11-20T10:35:44+00:00\" \/>\n<meta property=\"og:image\" content=\"https:\/\/www.winmod.de\/wp-content\/uploads\/2025\/11\/WinMOD_Fb_Shareimage.png\" \/>\n\t<meta property=\"og:image:width\" content=\"1200\" \/>\n\t<meta property=\"og:image:height\" content=\"675\" \/>\n\t<meta property=\"og:image:type\" content=\"image\/png\" \/>\n<meta name=\"twitter:card\" content=\"summary_large_image\" \/>\n<script type=\"application\/ld+json\" class=\"yoast-schema-graph\">{\"@context\":\"https:\/\/schema.org\",\"@graph\":[{\"@type\":\"WebPage\",\"@id\":\"https:\/\/www.winmod.de\/loesungen\/\",\"url\":\"https:\/\/www.winmod.de\/loesungen\/\",\"name\":\"L\u00f6sungen &#8212; WinMOD\",\"isPartOf\":{\"@id\":\"https:\/\/www.winmod.de\/#website\"},\"datePublished\":\"2025-01-30T13:12:29+00:00\",\"dateModified\":\"2025-11-20T10:35:44+00:00\",\"breadcrumb\":{\"@id\":\"https:\/\/www.winmod.de\/loesungen\/#breadcrumb\"},\"inLanguage\":\"en-GB\",\"potentialAction\":[{\"@type\":\"ReadAction\",\"target\":[\"https:\/\/www.winmod.de\/loesungen\/\"]}]},{\"@type\":\"BreadcrumbList\",\"@id\":\"https:\/\/www.winmod.de\/loesungen\/#breadcrumb\",\"itemListElement\":[{\"@type\":\"ListItem\",\"position\":1,\"name\":\"Startseite\",\"item\":\"https:\/\/www.winmod.de\/\"},{\"@type\":\"ListItem\",\"position\":2,\"name\":\"L\u00f6sungen\"}]},{\"@type\":\"WebSite\",\"@id\":\"https:\/\/www.winmod.de\/#website\",\"url\":\"https:\/\/www.winmod.de\/\",\"name\":\"WinMOD\",\"description\":\"Virtuelle Inbetriebnahme von Maschinen und Anlagen in Echtzeit\",\"publisher\":{\"@id\":\"https:\/\/www.winmod.de\/#organization\"},\"alternateName\":\"WinMOD\",\"potentialAction\":[{\"@type\":\"SearchAction\",\"target\":{\"@type\":\"EntryPoint\",\"urlTemplate\":\"https:\/\/www.winmod.de\/?s={search_term_string}\"},\"query-input\":{\"@type\":\"PropertyValueSpecification\",\"valueRequired\":true,\"valueName\":\"search_term_string\"}}],\"inLanguage\":\"en-GB\"},{\"@type\":\"Organization\",\"@id\":\"https:\/\/www.winmod.de\/#organization\",\"name\":\"WinMOD GmbH\",\"alternateName\":\"WinMOD\",\"url\":\"https:\/\/www.winmod.de\/\",\"logo\":{\"@type\":\"ImageObject\",\"inLanguage\":\"en-GB\",\"@id\":\"https:\/\/www.winmod.de\/#\/schema\/logo\/image\/\",\"url\":\"https:\/\/www.winmod.de\/wp-content\/uploads\/2024\/08\/winmod_logo.svg\",\"contentUrl\":\"https:\/\/www.winmod.de\/wp-content\/uploads\/2024\/08\/winmod_logo.svg\",\"width\":299,\"height\":59,\"caption\":\"WinMOD GmbH\"},\"image\":{\"@id\":\"https:\/\/www.winmod.de\/#\/schema\/logo\/image\/\"},\"sameAs\":[\"https:\/\/de.linkedin.com\/company\/winmod-for-factory-automation\",\"https:\/\/www.youtube.com\/channel\/UC8GOsn1z7XSHflxqIZS_V-g\"]}]}<\/script>\n<!-- \/ Yoast SEO plugin. -->","yoast_head_json":{"title":"Solutions - WinMOD","robots":{"index":"index","follow":"follow","max-snippet":"max-snippet:-1","max-image-preview":"max-image-preview:large","max-video-preview":"max-video-preview:-1"},"canonical":"https:\/\/www.winmod.de\/en\/solutions\/","og_locale":"en_GB","og_type":"article","og_title":"L\u00f6sungen &#8212; WinMOD","og_description":"L\u00f6sungen L\u00f6sungen f\u00fcr die Fabrik- und Prozessautomation in einem System WinMOD kombiniert Technologien und bietet damit ma\u00dfgeschneiderte L\u00f6sungen f\u00fcr Ihre Branche. Fabrikautomation WinMOD verbessert Ihre Fabrikautomation durch die pr\u00e4zise Virtualisierung und Integration von Steuerungs-, Mess- und Regeltechnologien in Echtzeit. Prozessautomation Mit der WinMOD-Prozesssimulation optimieren Sie Produktionsprozesse durch pr\u00e4zise Virtualisierung mit integrierten Automatisierungstechnologien. Automobilbau Mit WinMOD [&hellip;]","og_url":"https:\/\/www.winmod.de\/en\/solutions\/","og_site_name":"WinMOD","article_modified_time":"2025-11-20T10:35:44+00:00","og_image":[{"width":1200,"height":675,"url":"https:\/\/www.winmod.de\/wp-content\/uploads\/2025\/11\/WinMOD_Fb_Shareimage.png","type":"image\/png"}],"twitter_card":"summary_large_image","schema":{"@context":"https:\/\/schema.org","@graph":[{"@type":"WebPage","@id":"https:\/\/www.winmod.de\/loesungen\/","url":"https:\/\/www.winmod.de\/loesungen\/","name":"Solutions - WinMOD","isPartOf":{"@id":"https:\/\/www.winmod.de\/#website"},"datePublished":"2025-01-30T13:12:29+00:00","dateModified":"2025-11-20T10:35:44+00:00","breadcrumb":{"@id":"https:\/\/www.winmod.de\/loesungen\/#breadcrumb"},"inLanguage":"en-GB","potentialAction":[{"@type":"ReadAction","target":["https:\/\/www.winmod.de\/loesungen\/"]}]},{"@type":"BreadcrumbList","@id":"https:\/\/www.winmod.de\/loesungen\/#breadcrumb","itemListElement":[{"@type":"ListItem","position":1,"name":"Startseite","item":"https:\/\/www.winmod.de\/"},{"@type":"ListItem","position":2,"name":"L\u00f6sungen"}]},{"@type":"WebSite","@id":"https:\/\/www.winmod.de\/#website","url":"https:\/\/www.winmod.de\/","name":"WinMOD","description":"Virtual commissioning of machines and systems in real time","publisher":{"@id":"https:\/\/www.winmod.de\/#organization"},"alternateName":"WinMOD","potentialAction":[{"@type":"SearchAction","target":{"@type":"EntryPoint","urlTemplate":"https:\/\/www.winmod.de\/?s={search_term_string}"},"query-input":{"@type":"PropertyValueSpecification","valueRequired":true,"valueName":"search_term_string"}}],"inLanguage":"en-GB"},{"@type":"Organization","@id":"https:\/\/www.winmod.de\/#organization","name":"WinMOD Ltd.","alternateName":"WinMOD","url":"https:\/\/www.winmod.de\/","logo":{"@type":"ImageObject","inLanguage":"en-GB","@id":"https:\/\/www.winmod.de\/#\/schema\/logo\/image\/","url":"https:\/\/www.winmod.de\/wp-content\/uploads\/2024\/08\/winmod_logo.svg","contentUrl":"https:\/\/www.winmod.de\/wp-content\/uploads\/2024\/08\/winmod_logo.svg","width":299,"height":59,"caption":"WinMOD GmbH"},"image":{"@id":"https:\/\/www.winmod.de\/#\/schema\/logo\/image\/"},"sameAs":["https:\/\/de.linkedin.com\/company\/winmod-for-factory-automation","https:\/\/www.youtube.com\/channel\/UC8GOsn1z7XSHflxqIZS_V-g"]}]}},"_links":{"self":[{"href":"https:\/\/www.winmod.de\/en\/wp-json\/wp\/v2\/pages\/871","targetHints":{"allow":["GET"]}}],"collection":[{"href":"https:\/\/www.winmod.de\/en\/wp-json\/wp\/v2\/pages"}],"about":[{"href":"https:\/\/www.winmod.de\/en\/wp-json\/wp\/v2\/types\/page"}],"author":[{"embeddable":true,"href":"https:\/\/www.winmod.de\/en\/wp-json\/wp\/v2\/users\/2"}],"replies":[{"embeddable":true,"href":"https:\/\/www.winmod.de\/en\/wp-json\/wp\/v2\/comments?post=871"}],"version-history":[{"count":73,"href":"https:\/\/www.winmod.de\/en\/wp-json\/wp\/v2\/pages\/871\/revisions"}],"predecessor-version":[{"id":6738,"href":"https:\/\/www.winmod.de\/en\/wp-json\/wp\/v2\/pages\/871\/revisions\/6738"}],"wp:attachment":[{"href":"https:\/\/www.winmod.de\/en\/wp-json\/wp\/v2\/media?parent=871"}],"curies":[{"name":"wp","href":"https:\/\/api.w.org\/{rel}","templated":true}]}}