{"id":6198,"date":"2025-11-14T12:57:02","date_gmt":"2025-11-14T11:57:02","guid":{"rendered":"https:\/\/www.virtuelle-anlage.de\/?page_id=6198"},"modified":"2025-12-11T09:32:41","modified_gmt":"2025-12-11T08:32:41","slug":"winmod-simline","status":"publish","type":"page","link":"https:\/\/www.winmod.de\/en\/customer-center\/winmod-simline\/","title":{"rendered":"winmod-simline"},"content":{"rendered":"<div data-elementor-type=\"wp-page\" data-elementor-id=\"6198\" class=\"elementor elementor-6198\" data-elementor-post-type=\"page\">\n\t\t\t\t<div class=\"elementor-element elementor-element-7fa2efa e-flex e-con-boxed e-con e-parent\" data-id=\"7fa2efa\" data-element_type=\"container\" data-e-type=\"container\">\n\t\t\t\t\t<div class=\"e-con-inner\">\n\t\t<div class=\"elementor-element elementor-element-89e7467 e-con-full e-flex e-con e-child\" data-id=\"89e7467\" data-element_type=\"container\" data-e-type=\"container\">\n\t\t\t\t<div class=\"elementor-element elementor-element-919fb7a elementor-widget elementor-widget-heading\" data-id=\"919fb7a\" data-element_type=\"widget\" data-e-type=\"widget\" data-widget_type=\"heading.default\">\n\t\t\t\t<div class=\"elementor-widget-container\">\n\t\t\t\t\t<h3 class=\"elementor-heading-title elementor-size-default\">WinMOD-SIMLINE<\/h3>\t\t\t\t<\/div>\n\t\t\t\t<\/div>\n\t\t<div class=\"elementor-element elementor-element-c07193b e-con-full e-grid e-con e-child\" data-id=\"c07193b\" data-element_type=\"container\" data-e-type=\"container\">\n\t\t<div class=\"elementor-element elementor-element-c393be3 e-con-full e-flex e-con e-child\" data-id=\"c393be3\" data-element_type=\"container\" data-e-type=\"container\" data-settings=\"{&quot;background_background&quot;:&quot;classic&quot;}\">\n\t\t\t\t<div class=\"elementor-element elementor-element-63f7277 elementor-widget elementor-widget-image\" data-id=\"63f7277\" data-element_type=\"widget\" data-e-type=\"widget\" data-widget_type=\"image.default\">\n\t\t\t\t<div class=\"elementor-widget-container\">\n\t\t\t\t\t\t\t\t\t\t\t\t\t\t\t<img fetchpriority=\"high\" decoding=\"async\" width=\"300\" height=\"300\" src=\"https:\/\/www.winmod.de\/wp-content\/uploads\/2025\/12\/Icon_License.svg\" class=\"attachment-medium size-medium wp-image-7357\" alt=\"\" \/>\t\t\t\t\t\t\t\t\t\t\t\t\t\t\t<\/div>\n\t\t\t\t<\/div>\n\t\t\t\t<div class=\"elementor-element elementor-element-531443e wm-full-link elementor-widget elementor-widget-heading\" data-id=\"531443e\" data-element_type=\"widget\" data-e-type=\"widget\" data-widget_type=\"heading.default\">\n\t\t\t\t<div class=\"elementor-widget-container\">\n\t\t\t\t\t<h2 class=\"elementor-heading-title elementor-size-default\"><a href=\"https:\/\/www.winmod.de\/en\/customer-center\/my-licence\/\">My licence<\/a><\/h2>\t\t\t\t<\/div>\n\t\t\t\t<\/div>\n\t\t\t\t<div class=\"elementor-element elementor-element-1a10f05 elementor-widget elementor-widget-text-editor\" data-id=\"1a10f05\" data-element_type=\"widget\" data-e-type=\"widget\" data-widget_type=\"text-editor.default\">\n\t\t\t\t<div class=\"elementor-widget-container\">\n\t\t\t\t\t\t\t\t\t<p>We display your current licence scope.<\/p>\t\t\t\t\t\t\t\t<\/div>\n\t\t\t\t<\/div>\n\t\t\t\t<div class=\"elementor-element elementor-element-3f4a02e elementor-view-default elementor-widget elementor-widget-icon\" data-id=\"3f4a02e\" data-element_type=\"widget\" data-e-type=\"widget\" data-widget_type=\"icon.default\">\n\t\t\t\t<div class=\"elementor-widget-container\">\n\t\t\t\t\t\t\t<div class=\"elementor-icon-wrapper\">\n\t\t\t<div class=\"elementor-icon\">\n\t\t\t<svg aria-hidden=\"true\" class=\"e-font-icon-svg e-fas-arrow-circle-right\" viewbox=\"0 0 512 512\" xmlns=\"http:\/\/www.w3.org\/2000\/svg\"><path d=\"M256 8c137 0 248 111 248 248S393 504 256 504 8 393 8 256 119 8 256 8zm-28.9 143.6l75.5 72.4H120c-13.3 0-24 10.7-24 24v16c0 13.3 10.7 24 24 24h182.6l-75.5 72.4c-9.7 9.3-9.9 24.8-.4 34.3l11 10.9c9.4 9.4 24.6 9.4 33.9 0L404.3 273c9.4-9.4 9.4-24.6 0-33.9L271.6 106.3c-9.4-9.4-24.6-9.4-33.9 0l-11 10.9c-9.5 9.6-9.3 25.1.4 34.4z\"><\/path><\/svg>\t\t\t<\/div>\n\t\t<\/div>\n\t\t\t\t\t\t<\/div>\n\t\t\t\t<\/div>\n\t\t\t\t<\/div>\n\t\t<div class=\"elementor-element elementor-element-70f4c07 e-con-full e-flex e-con e-child\" data-id=\"70f4c07\" data-element_type=\"container\" data-e-type=\"container\" data-settings=\"{&quot;background_background&quot;:&quot;classic&quot;}\">\n\t\t\t\t<div class=\"elementor-element elementor-element-6847b52 elementor-widget elementor-widget-image\" data-id=\"6847b52\" data-element_type=\"widget\" data-e-type=\"widget\" data-widget_type=\"image.default\">\n\t\t\t\t<div class=\"elementor-widget-container\">\n\t\t\t\t\t\t\t\t\t\t\t\t\t\t\t<img decoding=\"async\" width=\"300\" height=\"300\" src=\"https:\/\/www.winmod.de\/wp-content\/uploads\/2025\/12\/Icon_WinMOD-1.svg\" class=\"attachment-medium size-medium wp-image-7292\" alt=\"\" \/>\t\t\t\t\t\t\t\t\t\t\t\t\t\t\t<\/div>\n\t\t\t\t<\/div>\n\t\t\t\t<div class=\"elementor-element elementor-element-f7a7d9d wm-full-link elementor-widget elementor-widget-heading\" data-id=\"f7a7d9d\" data-element_type=\"widget\" data-e-type=\"widget\" data-widget_type=\"heading.default\">\n\t\t\t\t<div class=\"elementor-widget-container\">\n\t\t\t\t\t<h2 class=\"elementor-heading-title elementor-size-default\"><a href=\"https:\/\/www.winmod.de\/en\/customer-center\/winmod\/\">WinMOD<\/a><\/h2>\t\t\t\t<\/div>\n\t\t\t\t<\/div>\n\t\t\t\t<div class=\"elementor-element elementor-element-43bea9b elementor-widget elementor-widget-text-editor\" data-id=\"43bea9b\" data-element_type=\"widget\" data-e-type=\"widget\" data-widget_type=\"text-editor.default\">\n\t\t\t\t<div class=\"elementor-widget-container\">\n\t\t\t\t\t\t\t\t\t<p>Select the products you are interested in and view the corresponding downloads.<\/p>\t\t\t\t\t\t\t\t<\/div>\n\t\t\t\t<\/div>\n\t\t\t\t<div class=\"elementor-element elementor-element-6f118bb elementor-view-default elementor-widget elementor-widget-icon\" data-id=\"6f118bb\" data-element_type=\"widget\" data-e-type=\"widget\" data-widget_type=\"icon.default\">\n\t\t\t\t<div class=\"elementor-widget-container\">\n\t\t\t\t\t\t\t<div class=\"elementor-icon-wrapper\">\n\t\t\t<div class=\"elementor-icon\">\n\t\t\t<svg aria-hidden=\"true\" class=\"e-font-icon-svg e-fas-arrow-circle-right\" viewbox=\"0 0 512 512\" xmlns=\"http:\/\/www.w3.org\/2000\/svg\"><path d=\"M256 8c137 0 248 111 248 248S393 504 256 504 8 393 8 256 119 8 256 8zm-28.9 143.6l75.5 72.4H120c-13.3 0-24 10.7-24 24v16c0 13.3 10.7 24 24 24h182.6l-75.5 72.4c-9.7 9.3-9.9 24.8-.4 34.3l11 10.9c9.4 9.4 24.6 9.4 33.9 0L404.3 273c9.4-9.4 9.4-24.6 0-33.9L271.6 106.3c-9.4-9.4-24.6-9.4-33.9 0l-11 10.9c-9.5 9.6-9.3 25.1.4 34.4z\"><\/path><\/svg>\t\t\t<\/div>\n\t\t<\/div>\n\t\t\t\t\t\t<\/div>\n\t\t\t\t<\/div>\n\t\t\t\t<\/div>\n\t\t<div class=\"elementor-element elementor-element-3ea578a e-con-full e-flex e-con e-child\" data-id=\"3ea578a\" data-element_type=\"container\" data-e-type=\"container\" data-settings=\"{&quot;background_background&quot;:&quot;classic&quot;}\">\n\t\t\t\t<div class=\"elementor-element elementor-element-0bd9aa2 elementor-widget elementor-widget-image\" data-id=\"0bd9aa2\" data-element_type=\"widget\" data-e-type=\"widget\" data-widget_type=\"image.default\">\n\t\t\t\t<div class=\"elementor-widget-container\">\n\t\t\t\t\t\t\t\t\t\t\t\t\t\t\t<img decoding=\"async\" width=\"300\" height=\"300\" src=\"https:\/\/www.winmod.de\/wp-content\/uploads\/2025\/12\/Icon_support.svg\" class=\"attachment-medium size-medium wp-image-7290\" alt=\"\" \/>\t\t\t\t\t\t\t\t\t\t\t\t\t\t\t<\/div>\n\t\t\t\t<\/div>\n\t\t\t\t<div class=\"elementor-element elementor-element-30309c0 wm-full-link elementor-widget elementor-widget-heading\" data-id=\"30309c0\" data-element_type=\"widget\" data-e-type=\"widget\" data-widget_type=\"heading.default\">\n\t\t\t\t<div class=\"elementor-widget-container\">\n\t\t\t\t\t<h2 class=\"elementor-heading-title elementor-size-default\"><a href=\"https:\/\/www.winmod.de\/en\/customer-center\/technical-support\/\">Technical support<\/a><\/h2>\t\t\t\t<\/div>\n\t\t\t\t<\/div>\n\t\t\t\t<div class=\"elementor-element elementor-element-fe203f8 elementor-widget elementor-widget-text-editor\" data-id=\"fe203f8\" data-element_type=\"widget\" data-e-type=\"widget\" data-widget_type=\"text-editor.default\">\n\t\t\t\t<div class=\"elementor-widget-container\">\n\t\t\t\t\t\t\t\t\t<p>Do you have any questions, problems or suggestions? Please feel free to contact us via technical support.<\/p>\t\t\t\t\t\t\t\t<\/div>\n\t\t\t\t<\/div>\n\t\t\t\t<div class=\"elementor-element elementor-element-813eae9 elementor-view-default elementor-widget elementor-widget-icon\" data-id=\"813eae9\" data-element_type=\"widget\" data-e-type=\"widget\" data-widget_type=\"icon.default\">\n\t\t\t\t<div class=\"elementor-widget-container\">\n\t\t\t\t\t\t\t<div class=\"elementor-icon-wrapper\">\n\t\t\t<div class=\"elementor-icon\">\n\t\t\t<svg aria-hidden=\"true\" class=\"e-font-icon-svg e-fas-arrow-circle-right\" viewbox=\"0 0 512 512\" xmlns=\"http:\/\/www.w3.org\/2000\/svg\"><path d=\"M256 8c137 0 248 111 248 248S393 504 256 504 8 393 8 256 119 8 256 8zm-28.9 143.6l75.5 72.4H120c-13.3 0-24 10.7-24 24v16c0 13.3 10.7 24 24 24h182.6l-75.5 72.4c-9.7 9.3-9.9 24.8-.4 34.3l11 10.9c9.4 9.4 24.6 9.4 33.9 0L404.3 273c9.4-9.4 9.4-24.6 0-33.9L271.6 106.3c-9.4-9.4-24.6-9.4-33.9 0l-11 10.9c-9.5 9.6-9.3 25.1.4 34.4z\"><\/path><\/svg>\t\t\t<\/div>\n\t\t<\/div>\n\t\t\t\t\t\t<\/div>\n\t\t\t\t<\/div>\n\t\t\t\t<\/div>\n\t\t\t\t<\/div>\n\t\t\t\t<div class=\"elementor-element elementor-element-c44fd26 elementor-widget elementor-widget-shortcode\" data-id=\"c44fd26\" data-element_type=\"widget\" data-e-type=\"widget\" data-widget_type=\"shortcode.default\">\n\t\t\t\t<div class=\"elementor-widget-container\">\n\t\t\t\t\t\t\t<div class=\"elementor-shortcode\"><link rel=\"stylesheet\" type=\"text\/css\" href=\"\/wp-content\/plugins\/chilibanana-winmod-catalog\/css\/catalog.css\" \/><script type=\"text\/javascript\" src=\"\/wp-content\/plugins\/chilibanana-winmod-catalog\/js\/common.js\"><\/script><script>var winmod = {\"ajaxurl\":\"\/wp-admin\/admin-ajax.php\",\"lang\":\"en\",\"lic\":\"\",\"token\":\"9623ac6cc8b8a5e7e8ab1ce6fc2240830fbcc26f754797dd\",\"date_wm\":\"\",\"date_sl\":\"\",\"licseq\":\"\",\"licdate\":\"\",\"version_WM\":\"\",\"version_SL\":\"\",\"SPV\":\"\",\"method\":\"POST\"};<\/script><p>This page is exclusively available for WinMOD customers. Please log in.<br\/><b>Serial number<\/b> (XYxxxxx) and <b>Licence number<\/b> (PP-xxx-xx) is located in WinMOD under the menu item Help:&nbsp; <em><strong>?  -&gt; licences<\/strong><\/em>.<\/p><form action=\"\/en\/wp-json\/wp\/v2\/pages\/6198\" method=\"post\" id=\"catalog\" data-trp-original-action=\"\/en\/wp-json\/wp\/v2\/pages\/6198\">\t<label for=\"username\">Serial number<\/label>\t<input type=\"text\" name=\"username\" id=\"username\" placeholder=\"Serial number\" autofocus \/>\t<label for=\"password\">Licence number<\/label>\t<input type=\"password\" name=\"password\" id=\"password\" placeholder=\"Licence number\" \/>\t<button type=\"submit\">Login<\/button><input type=\"hidden\" name=\"trp-form-language\" value=\"en\"\/><\/form><br\/><p><b>Licence number<\/b> Not available? Please call us on +49 3302 20970, we will be happy to help you.<\/p><\/div>\n\t\t\t\t\t\t<\/div>\n\t\t\t\t<\/div>\n\t\t\t\t<\/div>\n\t\t\t\t\t<\/div>\n\t\t\t\t<\/div>\n\t\t\t\t<\/div>","protected":false},"excerpt":{"rendered":"<p>WinMOD-SIMLINE My licence We display your current licence scope. WinMOD Select the products you are interested in and view the corresponding downloads. Technical support Do you have any questions, problems or suggestions? You are welcome to contact us via the technical support.<\/p>","protected":false},"author":4,"featured_media":0,"parent":4846,"menu_order":0,"comment_status":"closed","ping_status":"closed","template":"","meta":{"_acf_changed":false,"footnotes":""},"class_list":["post-6198","page","type-page","status-publish","hentry"],"acf":[],"yoast_head":"<!-- This site is optimized with the Yoast SEO plugin v26.9 - https:\/\/yoast.com\/product\/yoast-seo-wordpress\/ -->\n<title>winmod-simline &#8212; WinMOD<\/title>\n<meta name=\"robots\" content=\"index, follow, max-snippet:-1, max-image-preview:large, max-video-preview:-1\" \/>\n<link rel=\"canonical\" href=\"https:\/\/www.winmod.de\/en\/customer-center\/winmod-simline\/\" \/>\n<meta property=\"og:locale\" content=\"en_GB\" \/>\n<meta property=\"og:type\" content=\"article\" \/>\n<meta property=\"og:title\" content=\"winmod-simline &#8212; WinMOD\" \/>\n<meta property=\"og:description\" content=\"WinMOD-SIMLINE Meine Lizenz Wir zeigen Ihren aktuellen Lizenzumfang an. WinMOD W\u00e4hlen Sie Produkte aus, die Sie interessieren, und lassen sich die dazugeh\u00f6rigen Downloads anzeigen. Technischer Support Sie haben Fragen, Probleme oder Anregungen? Gerne k\u00f6nnen Sie \u00fcber den technischen Support dazu mit uns in Kontakt treten.\" \/>\n<meta property=\"og:url\" content=\"https:\/\/www.winmod.de\/en\/customer-center\/winmod-simline\/\" \/>\n<meta property=\"og:site_name\" content=\"WinMOD\" \/>\n<meta property=\"article:modified_time\" content=\"2025-12-11T08:32:41+00:00\" \/>\n<meta property=\"og:image\" content=\"https:\/\/www.winmod.de\/wp-content\/uploads\/2025\/12\/Icon_License.svg\" \/>\n<meta name=\"twitter:card\" content=\"summary_large_image\" \/>\n<script type=\"application\/ld+json\" class=\"yoast-schema-graph\">{\"@context\":\"https:\/\/schema.org\",\"@graph\":[{\"@type\":\"WebPage\",\"@id\":\"https:\/\/www.winmod.de\/kundencenter\/winmod-simline\/\",\"url\":\"https:\/\/www.winmod.de\/kundencenter\/winmod-simline\/\",\"name\":\"winmod-simline &#8212; WinMOD\",\"isPartOf\":{\"@id\":\"https:\/\/www.winmod.de\/#website\"},\"primaryImageOfPage\":{\"@id\":\"https:\/\/www.winmod.de\/kundencenter\/winmod-simline\/#primaryimage\"},\"image\":{\"@id\":\"https:\/\/www.winmod.de\/kundencenter\/winmod-simline\/#primaryimage\"},\"thumbnailUrl\":\"https:\/\/www.winmod.de\/wp-content\/uploads\/2025\/12\/Icon_License.svg\",\"datePublished\":\"2025-11-14T11:57:02+00:00\",\"dateModified\":\"2025-12-11T08:32:41+00:00\",\"breadcrumb\":{\"@id\":\"https:\/\/www.winmod.de\/kundencenter\/winmod-simline\/#breadcrumb\"},\"inLanguage\":\"en-GB\",\"potentialAction\":[{\"@type\":\"ReadAction\",\"target\":[\"https:\/\/www.winmod.de\/kundencenter\/winmod-simline\/\"]}]},{\"@type\":\"ImageObject\",\"inLanguage\":\"en-GB\",\"@id\":\"https:\/\/www.winmod.de\/kundencenter\/winmod-simline\/#primaryimage\",\"url\":\"https:\/\/www.winmod.de\/wp-content\/uploads\/2025\/12\/Icon_License.svg\",\"contentUrl\":\"https:\/\/www.winmod.de\/wp-content\/uploads\/2025\/12\/Icon_License.svg\"},{\"@type\":\"BreadcrumbList\",\"@id\":\"https:\/\/www.winmod.de\/kundencenter\/winmod-simline\/#breadcrumb\",\"itemListElement\":[{\"@type\":\"ListItem\",\"position\":1,\"name\":\"Startseite\",\"item\":\"https:\/\/www.winmod.de\/\"},{\"@type\":\"ListItem\",\"position\":2,\"name\":\"Kundencenter\",\"item\":\"https:\/\/www.winmod.de\/kundencenter\/\"},{\"@type\":\"ListItem\",\"position\":3,\"name\":\"winmod-simline\"}]},{\"@type\":\"WebSite\",\"@id\":\"https:\/\/www.winmod.de\/#website\",\"url\":\"https:\/\/www.winmod.de\/\",\"name\":\"WinMOD\",\"description\":\"Virtuelle Inbetriebnahme von Maschinen und Anlagen in Echtzeit\",\"publisher\":{\"@id\":\"https:\/\/www.winmod.de\/#organization\"},\"alternateName\":\"WinMOD\",\"potentialAction\":[{\"@type\":\"SearchAction\",\"target\":{\"@type\":\"EntryPoint\",\"urlTemplate\":\"https:\/\/www.winmod.de\/?s={search_term_string}\"},\"query-input\":{\"@type\":\"PropertyValueSpecification\",\"valueRequired\":true,\"valueName\":\"search_term_string\"}}],\"inLanguage\":\"en-GB\"},{\"@type\":\"Organization\",\"@id\":\"https:\/\/www.winmod.de\/#organization\",\"name\":\"WinMOD GmbH\",\"alternateName\":\"WinMOD\",\"url\":\"https:\/\/www.winmod.de\/\",\"logo\":{\"@type\":\"ImageObject\",\"inLanguage\":\"en-GB\",\"@id\":\"https:\/\/www.winmod.de\/#\/schema\/logo\/image\/\",\"url\":\"https:\/\/www.winmod.de\/wp-content\/uploads\/2024\/08\/winmod_logo.svg\",\"contentUrl\":\"https:\/\/www.winmod.de\/wp-content\/uploads\/2024\/08\/winmod_logo.svg\",\"width\":299,\"height\":59,\"caption\":\"WinMOD GmbH\"},\"image\":{\"@id\":\"https:\/\/www.winmod.de\/#\/schema\/logo\/image\/\"},\"sameAs\":[\"https:\/\/de.linkedin.com\/company\/winmod-for-factory-automation\",\"https:\/\/www.youtube.com\/channel\/UC8GOsn1z7XSHflxqIZS_V-g\"]}]}<\/script>\n<!-- \/ Yoast SEO plugin. -->","yoast_head_json":{"title":"winmod-simline - WinMOD","robots":{"index":"index","follow":"follow","max-snippet":"max-snippet:-1","max-image-preview":"max-image-preview:large","max-video-preview":"max-video-preview:-1"},"canonical":"https:\/\/www.winmod.de\/en\/customer-center\/winmod-simline\/","og_locale":"en_GB","og_type":"article","og_title":"winmod-simline &#8212; WinMOD","og_description":"WinMOD-SIMLINE Meine Lizenz Wir zeigen Ihren aktuellen Lizenzumfang an. WinMOD W\u00e4hlen Sie Produkte aus, die Sie interessieren, und lassen sich die dazugeh\u00f6rigen Downloads anzeigen. Technischer Support Sie haben Fragen, Probleme oder Anregungen? Gerne k\u00f6nnen Sie \u00fcber den technischen Support dazu mit uns in Kontakt treten.","og_url":"https:\/\/www.winmod.de\/en\/customer-center\/winmod-simline\/","og_site_name":"WinMOD","article_modified_time":"2025-12-11T08:32:41+00:00","og_image":[{"url":"https:\/\/www.winmod.de\/wp-content\/uploads\/2025\/12\/Icon_License.svg","type":"","width":"","height":""}],"twitter_card":"summary_large_image","schema":{"@context":"https:\/\/schema.org","@graph":[{"@type":"WebPage","@id":"https:\/\/www.winmod.de\/kundencenter\/winmod-simline\/","url":"https:\/\/www.winmod.de\/kundencenter\/winmod-simline\/","name":"winmod-simline - WinMOD","isPartOf":{"@id":"https:\/\/www.winmod.de\/#website"},"primaryImageOfPage":{"@id":"https:\/\/www.winmod.de\/kundencenter\/winmod-simline\/#primaryimage"},"image":{"@id":"https:\/\/www.winmod.de\/kundencenter\/winmod-simline\/#primaryimage"},"thumbnailUrl":"https:\/\/www.winmod.de\/wp-content\/uploads\/2025\/12\/Icon_License.svg","datePublished":"2025-11-14T11:57:02+00:00","dateModified":"2025-12-11T08:32:41+00:00","breadcrumb":{"@id":"https:\/\/www.winmod.de\/kundencenter\/winmod-simline\/#breadcrumb"},"inLanguage":"en-GB","potentialAction":[{"@type":"ReadAction","target":["https:\/\/www.winmod.de\/kundencenter\/winmod-simline\/"]}]},{"@type":"ImageObject","inLanguage":"en-GB","@id":"https:\/\/www.winmod.de\/kundencenter\/winmod-simline\/#primaryimage","url":"https:\/\/www.winmod.de\/wp-content\/uploads\/2025\/12\/Icon_License.svg","contentUrl":"https:\/\/www.winmod.de\/wp-content\/uploads\/2025\/12\/Icon_License.svg"},{"@type":"BreadcrumbList","@id":"https:\/\/www.winmod.de\/kundencenter\/winmod-simline\/#breadcrumb","itemListElement":[{"@type":"ListItem","position":1,"name":"Startseite","item":"https:\/\/www.winmod.de\/"},{"@type":"ListItem","position":2,"name":"Kundencenter","item":"https:\/\/www.winmod.de\/kundencenter\/"},{"@type":"ListItem","position":3,"name":"winmod-simline"}]},{"@type":"WebSite","@id":"https:\/\/www.winmod.de\/#website","url":"https:\/\/www.winmod.de\/","name":"WinMOD","description":"Virtual commissioning of machines and systems in real time","publisher":{"@id":"https:\/\/www.winmod.de\/#organization"},"alternateName":"WinMOD","potentialAction":[{"@type":"SearchAction","target":{"@type":"EntryPoint","urlTemplate":"https:\/\/www.winmod.de\/?s={search_term_string}"},"query-input":{"@type":"PropertyValueSpecification","valueRequired":true,"valueName":"search_term_string"}}],"inLanguage":"en-GB"},{"@type":"Organization","@id":"https:\/\/www.winmod.de\/#organization","name":"WinMOD Ltd.","alternateName":"WinMOD","url":"https:\/\/www.winmod.de\/","logo":{"@type":"ImageObject","inLanguage":"en-GB","@id":"https:\/\/www.winmod.de\/#\/schema\/logo\/image\/","url":"https:\/\/www.winmod.de\/wp-content\/uploads\/2024\/08\/winmod_logo.svg","contentUrl":"https:\/\/www.winmod.de\/wp-content\/uploads\/2024\/08\/winmod_logo.svg","width":299,"height":59,"caption":"WinMOD GmbH"},"image":{"@id":"https:\/\/www.winmod.de\/#\/schema\/logo\/image\/"},"sameAs":["https:\/\/de.linkedin.com\/company\/winmod-for-factory-automation","https:\/\/www.youtube.com\/channel\/UC8GOsn1z7XSHflxqIZS_V-g"]}]}},"_links":{"self":[{"href":"https:\/\/www.winmod.de\/en\/wp-json\/wp\/v2\/pages\/6198","targetHints":{"allow":["GET"]}}],"collection":[{"href":"https:\/\/www.winmod.de\/en\/wp-json\/wp\/v2\/pages"}],"about":[{"href":"https:\/\/www.winmod.de\/en\/wp-json\/wp\/v2\/types\/page"}],"author":[{"embeddable":true,"href":"https:\/\/www.winmod.de\/en\/wp-json\/wp\/v2\/users\/4"}],"replies":[{"embeddable":true,"href":"https:\/\/www.winmod.de\/en\/wp-json\/wp\/v2\/comments?post=6198"}],"version-history":[{"count":26,"href":"https:\/\/www.winmod.de\/en\/wp-json\/wp\/v2\/pages\/6198\/revisions"}],"predecessor-version":[{"id":7385,"href":"https:\/\/www.winmod.de\/en\/wp-json\/wp\/v2\/pages\/6198\/revisions\/7385"}],"up":[{"embeddable":true,"href":"https:\/\/www.winmod.de\/en\/wp-json\/wp\/v2\/pages\/4846"}],"wp:attachment":[{"href":"https:\/\/www.winmod.de\/en\/wp-json\/wp\/v2\/media?parent=6198"}],"curies":[{"name":"wp","href":"https:\/\/api.w.org\/{rel}","templated":true}]}}