{"id":6185,"date":"2025-11-14T12:54:56","date_gmt":"2025-11-14T11:54:56","guid":{"rendered":"https:\/\/www.virtuelle-anlage.de\/?page_id=6185"},"modified":"2025-12-11T09:31:02","modified_gmt":"2025-12-11T08:31:02","slug":"my-licence","status":"publish","type":"page","link":"https:\/\/www.winmod.de\/en\/customer-center\/my-licence\/","title":{"rendered":"My licence"},"content":{"rendered":"<div data-elementor-type=\"wp-page\" data-elementor-id=\"6185\" class=\"elementor elementor-6185\" data-elementor-post-type=\"page\">\n\t\t\t\t<div class=\"elementor-element elementor-element-ce4f2f3 e-flex e-con-boxed e-con e-parent\" data-id=\"ce4f2f3\" data-element_type=\"container\" data-e-type=\"container\">\n\t\t\t\t\t<div class=\"e-con-inner\">\n\t\t<div class=\"elementor-element elementor-element-efbf0aa e-con-full e-flex e-con e-child\" data-id=\"efbf0aa\" data-element_type=\"container\" data-e-type=\"container\">\n\t\t<div class=\"elementor-element elementor-element-a6955e7 e-con-full e-flex e-con e-child\" data-id=\"a6955e7\" data-element_type=\"container\" data-e-type=\"container\">\n\t\t\t\t<div class=\"elementor-element elementor-element-f10f617 elementor-widget elementor-widget-heading\" data-id=\"f10f617\" data-element_type=\"widget\" data-e-type=\"widget\" data-widget_type=\"heading.default\">\n\t\t\t\t<div class=\"elementor-widget-container\">\n\t\t\t\t\t<h3 class=\"elementor-heading-title elementor-size-default\">My licence<\/h3>\t\t\t\t<\/div>\n\t\t\t\t<\/div>\n\t\t<div class=\"elementor-element elementor-element-9af7528 e-con-full e-grid e-con e-child\" data-id=\"9af7528\" data-element_type=\"container\" data-e-type=\"container\">\n\t\t<div class=\"elementor-element elementor-element-7ed1a94 e-con-full e-flex e-con e-child\" data-id=\"7ed1a94\" data-element_type=\"container\" data-e-type=\"container\" data-settings=\"{&quot;background_background&quot;:&quot;classic&quot;}\">\n\t\t\t\t<div class=\"elementor-element elementor-element-b527a71 elementor-widget elementor-widget-image\" data-id=\"b527a71\" data-element_type=\"widget\" data-e-type=\"widget\" data-widget_type=\"image.default\">\n\t\t\t\t<div class=\"elementor-widget-container\">\n\t\t\t\t\t\t\t\t\t\t\t\t\t\t\t<img fetchpriority=\"high\" decoding=\"async\" width=\"300\" height=\"300\" src=\"https:\/\/www.winmod.de\/wp-content\/uploads\/2025\/12\/Icon_WinMOD-1.svg\" class=\"attachment-medium size-medium wp-image-7292\" alt=\"\" \/>\t\t\t\t\t\t\t\t\t\t\t\t\t\t\t<\/div>\n\t\t\t\t<\/div>\n\t\t\t\t<div class=\"elementor-element elementor-element-8285ba9 wm-full-link elementor-widget elementor-widget-heading\" data-id=\"8285ba9\" data-element_type=\"widget\" data-e-type=\"widget\" data-widget_type=\"heading.default\">\n\t\t\t\t<div class=\"elementor-widget-container\">\n\t\t\t\t\t<h2 class=\"elementor-heading-title elementor-size-default\"><a href=\"https:\/\/www.winmod.de\/en\/customer-center\/winmod\/\">WinMOD<\/a><\/h2>\t\t\t\t<\/div>\n\t\t\t\t<\/div>\n\t\t\t\t<div class=\"elementor-element elementor-element-0573886 elementor-widget elementor-widget-text-editor\" data-id=\"0573886\" data-element_type=\"widget\" data-e-type=\"widget\" data-widget_type=\"text-editor.default\">\n\t\t\t\t<div class=\"elementor-widget-container\">\n\t\t\t\t\t\t\t\t\t<p>Select the products you are interested in and view the corresponding downloads.<\/p>\t\t\t\t\t\t\t\t<\/div>\n\t\t\t\t<\/div>\n\t\t\t\t<div class=\"elementor-element elementor-element-a0ef1c4 elementor-view-default elementor-widget elementor-widget-icon\" data-id=\"a0ef1c4\" data-element_type=\"widget\" data-e-type=\"widget\" data-widget_type=\"icon.default\">\n\t\t\t\t<div class=\"elementor-widget-container\">\n\t\t\t\t\t\t\t<div class=\"elementor-icon-wrapper\">\n\t\t\t<div class=\"elementor-icon\">\n\t\t\t<svg aria-hidden=\"true\" class=\"e-font-icon-svg e-fas-arrow-circle-right\" viewbox=\"0 0 512 512\" xmlns=\"http:\/\/www.w3.org\/2000\/svg\"><path d=\"M256 8c137 0 248 111 248 248S393 504 256 504 8 393 8 256 119 8 256 8zm-28.9 143.6l75.5 72.4H120c-13.3 0-24 10.7-24 24v16c0 13.3 10.7 24 24 24h182.6l-75.5 72.4c-9.7 9.3-9.9 24.8-.4 34.3l11 10.9c9.4 9.4 24.6 9.4 33.9 0L404.3 273c9.4-9.4 9.4-24.6 0-33.9L271.6 106.3c-9.4-9.4-24.6-9.4-33.9 0l-11 10.9c-9.5 9.6-9.3 25.1.4 34.4z\"><\/path><\/svg>\t\t\t<\/div>\n\t\t<\/div>\n\t\t\t\t\t\t<\/div>\n\t\t\t\t<\/div>\n\t\t\t\t<\/div>\n\t\t<div class=\"elementor-element elementor-element-163cdeb e-con-full e-flex e-con e-child\" data-id=\"163cdeb\" data-element_type=\"container\" data-e-type=\"container\" data-settings=\"{&quot;background_background&quot;:&quot;classic&quot;}\">\n\t\t\t\t<div class=\"elementor-element elementor-element-a0d497d elementor-widget elementor-widget-image\" data-id=\"a0d497d\" data-element_type=\"widget\" data-e-type=\"widget\" data-widget_type=\"image.default\">\n\t\t\t\t<div class=\"elementor-widget-container\">\n\t\t\t\t\t\t\t\t\t\t\t\t\t\t\t<img decoding=\"async\" width=\"300\" height=\"300\" src=\"https:\/\/www.winmod.de\/wp-content\/uploads\/2025\/12\/Icon_SIMLINE-1.svg\" class=\"attachment-medium size-medium wp-image-7291\" alt=\"\" \/>\t\t\t\t\t\t\t\t\t\t\t\t\t\t\t<\/div>\n\t\t\t\t<\/div>\n\t\t\t\t<div class=\"elementor-element elementor-element-b9626e1 wm-full-link elementor-widget elementor-widget-heading\" data-id=\"b9626e1\" data-element_type=\"widget\" data-e-type=\"widget\" data-widget_type=\"heading.default\">\n\t\t\t\t<div class=\"elementor-widget-container\">\n\t\t\t\t\t<h2 class=\"elementor-heading-title elementor-size-default\"><a href=\"https:\/\/www.winmod.de\/en\/customer-center\/winmod-simline\/\">WinMOD-SIMLINE<\/a><\/h2>\t\t\t\t<\/div>\n\t\t\t\t<\/div>\n\t\t\t\t<div class=\"elementor-element elementor-element-5a99068 elementor-widget elementor-widget-text-editor\" data-id=\"5a99068\" data-element_type=\"widget\" data-e-type=\"widget\" data-widget_type=\"text-editor.default\">\n\t\t\t\t<div class=\"elementor-widget-container\">\n\t\t\t\t\t\t\t\t\t<p>Find out about the downloads available for WinMOD-SIMLINE.<\/p>\t\t\t\t\t\t\t\t<\/div>\n\t\t\t\t<\/div>\n\t\t\t\t<div class=\"elementor-element elementor-element-b5deaaa elementor-view-default elementor-widget elementor-widget-icon\" data-id=\"b5deaaa\" data-element_type=\"widget\" data-e-type=\"widget\" data-widget_type=\"icon.default\">\n\t\t\t\t<div class=\"elementor-widget-container\">\n\t\t\t\t\t\t\t<div class=\"elementor-icon-wrapper\">\n\t\t\t<div class=\"elementor-icon\">\n\t\t\t<svg aria-hidden=\"true\" class=\"e-font-icon-svg e-fas-arrow-circle-right\" viewbox=\"0 0 512 512\" xmlns=\"http:\/\/www.w3.org\/2000\/svg\"><path d=\"M256 8c137 0 248 111 248 248S393 504 256 504 8 393 8 256 119 8 256 8zm-28.9 143.6l75.5 72.4H120c-13.3 0-24 10.7-24 24v16c0 13.3 10.7 24 24 24h182.6l-75.5 72.4c-9.7 9.3-9.9 24.8-.4 34.3l11 10.9c9.4 9.4 24.6 9.4 33.9 0L404.3 273c9.4-9.4 9.4-24.6 0-33.9L271.6 106.3c-9.4-9.4-24.6-9.4-33.9 0l-11 10.9c-9.5 9.6-9.3 25.1.4 34.4z\"><\/path><\/svg>\t\t\t<\/div>\n\t\t<\/div>\n\t\t\t\t\t\t<\/div>\n\t\t\t\t<\/div>\n\t\t\t\t<\/div>\n\t\t<div class=\"elementor-element elementor-element-f8292f3 e-con-full e-flex e-con e-child\" data-id=\"f8292f3\" data-element_type=\"container\" data-e-type=\"container\" data-settings=\"{&quot;background_background&quot;:&quot;classic&quot;}\">\n\t\t\t\t<div class=\"elementor-element elementor-element-66a1ed9 elementor-widget elementor-widget-image\" data-id=\"66a1ed9\" data-element_type=\"widget\" data-e-type=\"widget\" data-widget_type=\"image.default\">\n\t\t\t\t<div class=\"elementor-widget-container\">\n\t\t\t\t\t\t\t\t\t\t\t\t\t\t\t<img decoding=\"async\" width=\"300\" height=\"300\" src=\"https:\/\/www.winmod.de\/wp-content\/uploads\/2025\/12\/Icon_support.svg\" class=\"attachment-medium size-medium wp-image-7290\" alt=\"\" \/>\t\t\t\t\t\t\t\t\t\t\t\t\t\t\t<\/div>\n\t\t\t\t<\/div>\n\t\t\t\t<div class=\"elementor-element elementor-element-a18a227 wm-full-link elementor-widget elementor-widget-heading\" data-id=\"a18a227\" data-element_type=\"widget\" data-e-type=\"widget\" data-widget_type=\"heading.default\">\n\t\t\t\t<div class=\"elementor-widget-container\">\n\t\t\t\t\t<h2 class=\"elementor-heading-title elementor-size-default\"><a href=\"https:\/\/www.winmod.de\/en\/customer-center\/technical-support\/\">Technical support<\/a><\/h2>\t\t\t\t<\/div>\n\t\t\t\t<\/div>\n\t\t\t\t<div class=\"elementor-element elementor-element-48981b1 elementor-widget elementor-widget-text-editor\" data-id=\"48981b1\" data-element_type=\"widget\" data-e-type=\"widget\" data-widget_type=\"text-editor.default\">\n\t\t\t\t<div class=\"elementor-widget-container\">\n\t\t\t\t\t\t\t\t\t<p>Do you have any questions, problems or suggestions? Please feel free to contact us via technical support.<\/p>\t\t\t\t\t\t\t\t<\/div>\n\t\t\t\t<\/div>\n\t\t\t\t<div class=\"elementor-element elementor-element-89fd68c elementor-view-default elementor-widget elementor-widget-icon\" data-id=\"89fd68c\" data-element_type=\"widget\" data-e-type=\"widget\" data-widget_type=\"icon.default\">\n\t\t\t\t<div class=\"elementor-widget-container\">\n\t\t\t\t\t\t\t<div class=\"elementor-icon-wrapper\">\n\t\t\t<div class=\"elementor-icon\">\n\t\t\t<svg aria-hidden=\"true\" class=\"e-font-icon-svg e-fas-arrow-circle-right\" viewbox=\"0 0 512 512\" xmlns=\"http:\/\/www.w3.org\/2000\/svg\"><path d=\"M256 8c137 0 248 111 248 248S393 504 256 504 8 393 8 256 119 8 256 8zm-28.9 143.6l75.5 72.4H120c-13.3 0-24 10.7-24 24v16c0 13.3 10.7 24 24 24h182.6l-75.5 72.4c-9.7 9.3-9.9 24.8-.4 34.3l11 10.9c9.4 9.4 24.6 9.4 33.9 0L404.3 273c9.4-9.4 9.4-24.6 0-33.9L271.6 106.3c-9.4-9.4-24.6-9.4-33.9 0l-11 10.9c-9.5 9.6-9.3 25.1.4 34.4z\"><\/path><\/svg>\t\t\t<\/div>\n\t\t<\/div>\n\t\t\t\t\t\t<\/div>\n\t\t\t\t<\/div>\n\t\t\t\t<\/div>\n\t\t\t\t<\/div>\n\t\t\t\t<div class=\"elementor-element elementor-element-5bf9de2 elementor-widget elementor-widget-shortcode\" data-id=\"5bf9de2\" data-element_type=\"widget\" data-e-type=\"widget\" data-widget_type=\"shortcode.default\">\n\t\t\t\t<div class=\"elementor-widget-container\">\n\t\t\t\t\t\t\t<div class=\"elementor-shortcode\"><link rel=\"stylesheet\" type=\"text\/css\" href=\"\/wp-content\/plugins\/chilibanana-winmod-catalog\/css\/catalog.css\" \/><script type=\"text\/javascript\" src=\"\/wp-content\/plugins\/chilibanana-winmod-catalog\/js\/common.js\"><\/script><script>var winmod = {\"ajaxurl\":\"\/wp-admin\/admin-ajax.php\",\"lang\":\"en\",\"lic\":\"\",\"token\":\"9623ac6cc8b8a5e7e8ab1ce6fc2240830fbcc26f754797dd\",\"date_wm\":\"\",\"date_sl\":\"\",\"licseq\":\"\",\"licdate\":\"\",\"version_WM\":\"\",\"version_SL\":\"\",\"SPV\":\"\",\"method\":\"POST\"};<\/script><p>This page is exclusively available for WinMOD customers. Please log in.<br\/><b>Serial number<\/b> (XYxxxxx) and <b>Licence number<\/b> (PP-xxx-xx) is located in WinMOD under the menu item Help:&nbsp; <em><strong>?  -&gt; licences<\/strong><\/em>.<\/p><form action=\"\/en\/wp-json\/wp\/v2\/pages\/6185\" method=\"post\" id=\"catalog\" data-trp-original-action=\"\/en\/wp-json\/wp\/v2\/pages\/6185\">\t<label for=\"username\">Serial number<\/label>\t<input type=\"text\" name=\"username\" id=\"username\" placeholder=\"Serial number\" autofocus \/>\t<label for=\"password\">Licence number<\/label>\t<input type=\"password\" name=\"password\" id=\"password\" placeholder=\"Licence number\" \/>\t<button type=\"submit\">Login<\/button><input type=\"hidden\" name=\"trp-form-language\" value=\"en\"\/><\/form><br\/><p><b>Licence number<\/b> Not available? Please call us on +49 3302 20970, we will be happy to help you.<\/p><\/div>\n\t\t\t\t\t\t<\/div>\n\t\t\t\t<\/div>\n\t\t\t\t<\/div>\n\t\t\t\t<\/div>\n\t\t\t\t\t<\/div>\n\t\t\t\t<\/div>\n\t\t\t\t<\/div>","protected":false},"excerpt":{"rendered":"<p>My licence WinMOD Select the products you are interested in and view the corresponding downloads. WinMOD-SIMLINE Find out about the available downloads for WinMOD-SIMLINE. Technical support Do you have any questions, problems or suggestions? You are welcome to contact us via the technical support.<\/p>","protected":false},"author":4,"featured_media":0,"parent":4846,"menu_order":0,"comment_status":"closed","ping_status":"closed","template":"","meta":{"_acf_changed":false,"footnotes":""},"class_list":["post-6185","page","type-page","status-publish","hentry"],"acf":[],"yoast_head":"<!-- This site is optimized with the Yoast SEO plugin v26.9 - https:\/\/yoast.com\/product\/yoast-seo-wordpress\/ -->\n<title>Meine Lizenz &#8212; WinMOD<\/title>\n<meta name=\"robots\" content=\"index, follow, max-snippet:-1, max-image-preview:large, max-video-preview:-1\" \/>\n<link rel=\"canonical\" href=\"https:\/\/www.winmod.de\/en\/customer-center\/my-licence\/\" \/>\n<meta property=\"og:locale\" content=\"en_GB\" \/>\n<meta property=\"og:type\" content=\"article\" \/>\n<meta property=\"og:title\" content=\"Meine Lizenz &#8212; WinMOD\" \/>\n<meta property=\"og:description\" content=\"Meine Lizenz WinMOD W\u00e4hlen Sie Produkte aus, die Sie interessieren, und lassen sich die dazugeh\u00f6rigen Downloads anzeigen. WinMOD-SIMLINE Informieren Sie sich \u00fcber die verf\u00fcgbaren Download zu WinMOD-SIMLINE. Technischer Support Sie haben Fragen, Probleme oder Anregungen? Gerne k\u00f6nnen Sie \u00fcber den technischen Support dazu mit uns in Kontakt treten.\" \/>\n<meta property=\"og:url\" content=\"https:\/\/www.winmod.de\/en\/customer-center\/my-licence\/\" \/>\n<meta property=\"og:site_name\" content=\"WinMOD\" \/>\n<meta property=\"article:modified_time\" content=\"2025-12-11T08:31:02+00:00\" \/>\n<meta property=\"og:image\" content=\"https:\/\/www.winmod.de\/wp-content\/uploads\/2025\/12\/Icon_WinMOD-1.svg\" \/>\n<meta name=\"twitter:card\" content=\"summary_large_image\" \/>\n<script type=\"application\/ld+json\" class=\"yoast-schema-graph\">{\"@context\":\"https:\/\/schema.org\",\"@graph\":[{\"@type\":\"WebPage\",\"@id\":\"https:\/\/www.winmod.de\/kundencenter\/meine-lizenz\/\",\"url\":\"https:\/\/www.winmod.de\/kundencenter\/meine-lizenz\/\",\"name\":\"Meine Lizenz &#8212; WinMOD\",\"isPartOf\":{\"@id\":\"https:\/\/www.winmod.de\/#website\"},\"primaryImageOfPage\":{\"@id\":\"https:\/\/www.winmod.de\/kundencenter\/meine-lizenz\/#primaryimage\"},\"image\":{\"@id\":\"https:\/\/www.winmod.de\/kundencenter\/meine-lizenz\/#primaryimage\"},\"thumbnailUrl\":\"https:\/\/www.winmod.de\/wp-content\/uploads\/2025\/12\/Icon_WinMOD-1.svg\",\"datePublished\":\"2025-11-14T11:54:56+00:00\",\"dateModified\":\"2025-12-11T08:31:02+00:00\",\"breadcrumb\":{\"@id\":\"https:\/\/www.winmod.de\/kundencenter\/meine-lizenz\/#breadcrumb\"},\"inLanguage\":\"en-GB\",\"potentialAction\":[{\"@type\":\"ReadAction\",\"target\":[\"https:\/\/www.winmod.de\/kundencenter\/meine-lizenz\/\"]}]},{\"@type\":\"ImageObject\",\"inLanguage\":\"en-GB\",\"@id\":\"https:\/\/www.winmod.de\/kundencenter\/meine-lizenz\/#primaryimage\",\"url\":\"https:\/\/www.winmod.de\/wp-content\/uploads\/2025\/12\/Icon_WinMOD-1.svg\",\"contentUrl\":\"https:\/\/www.winmod.de\/wp-content\/uploads\/2025\/12\/Icon_WinMOD-1.svg\"},{\"@type\":\"BreadcrumbList\",\"@id\":\"https:\/\/www.winmod.de\/kundencenter\/meine-lizenz\/#breadcrumb\",\"itemListElement\":[{\"@type\":\"ListItem\",\"position\":1,\"name\":\"Startseite\",\"item\":\"https:\/\/www.winmod.de\/\"},{\"@type\":\"ListItem\",\"position\":2,\"name\":\"Kundencenter\",\"item\":\"https:\/\/www.winmod.de\/kundencenter\/\"},{\"@type\":\"ListItem\",\"position\":3,\"name\":\"Meine Lizenz\"}]},{\"@type\":\"WebSite\",\"@id\":\"https:\/\/www.winmod.de\/#website\",\"url\":\"https:\/\/www.winmod.de\/\",\"name\":\"WinMOD\",\"description\":\"Virtuelle Inbetriebnahme von Maschinen und Anlagen in Echtzeit\",\"publisher\":{\"@id\":\"https:\/\/www.winmod.de\/#organization\"},\"alternateName\":\"WinMOD\",\"potentialAction\":[{\"@type\":\"SearchAction\",\"target\":{\"@type\":\"EntryPoint\",\"urlTemplate\":\"https:\/\/www.winmod.de\/?s={search_term_string}\"},\"query-input\":{\"@type\":\"PropertyValueSpecification\",\"valueRequired\":true,\"valueName\":\"search_term_string\"}}],\"inLanguage\":\"en-GB\"},{\"@type\":\"Organization\",\"@id\":\"https:\/\/www.winmod.de\/#organization\",\"name\":\"WinMOD GmbH\",\"alternateName\":\"WinMOD\",\"url\":\"https:\/\/www.winmod.de\/\",\"logo\":{\"@type\":\"ImageObject\",\"inLanguage\":\"en-GB\",\"@id\":\"https:\/\/www.winmod.de\/#\/schema\/logo\/image\/\",\"url\":\"https:\/\/www.winmod.de\/wp-content\/uploads\/2024\/08\/winmod_logo.svg\",\"contentUrl\":\"https:\/\/www.winmod.de\/wp-content\/uploads\/2024\/08\/winmod_logo.svg\",\"width\":299,\"height\":59,\"caption\":\"WinMOD GmbH\"},\"image\":{\"@id\":\"https:\/\/www.winmod.de\/#\/schema\/logo\/image\/\"},\"sameAs\":[\"https:\/\/de.linkedin.com\/company\/winmod-for-factory-automation\",\"https:\/\/www.youtube.com\/channel\/UC8GOsn1z7XSHflxqIZS_V-g\"]}]}<\/script>\n<!-- \/ Yoast SEO plugin. -->","yoast_head_json":{"title":"My licence - WinMOD","robots":{"index":"index","follow":"follow","max-snippet":"max-snippet:-1","max-image-preview":"max-image-preview:large","max-video-preview":"max-video-preview:-1"},"canonical":"https:\/\/www.winmod.de\/en\/customer-center\/my-licence\/","og_locale":"en_GB","og_type":"article","og_title":"Meine Lizenz &#8212; WinMOD","og_description":"Meine Lizenz WinMOD W\u00e4hlen Sie Produkte aus, die Sie interessieren, und lassen sich die dazugeh\u00f6rigen Downloads anzeigen. WinMOD-SIMLINE Informieren Sie sich \u00fcber die verf\u00fcgbaren Download zu WinMOD-SIMLINE. Technischer Support Sie haben Fragen, Probleme oder Anregungen? Gerne k\u00f6nnen Sie \u00fcber den technischen Support dazu mit uns in Kontakt treten.","og_url":"https:\/\/www.winmod.de\/en\/customer-center\/my-licence\/","og_site_name":"WinMOD","article_modified_time":"2025-12-11T08:31:02+00:00","og_image":[{"url":"https:\/\/www.winmod.de\/wp-content\/uploads\/2025\/12\/Icon_WinMOD-1.svg","type":"","width":"","height":""}],"twitter_card":"summary_large_image","schema":{"@context":"https:\/\/schema.org","@graph":[{"@type":"WebPage","@id":"https:\/\/www.winmod.de\/kundencenter\/meine-lizenz\/","url":"https:\/\/www.winmod.de\/kundencenter\/meine-lizenz\/","name":"My licence - WinMOD","isPartOf":{"@id":"https:\/\/www.winmod.de\/#website"},"primaryImageOfPage":{"@id":"https:\/\/www.winmod.de\/kundencenter\/meine-lizenz\/#primaryimage"},"image":{"@id":"https:\/\/www.winmod.de\/kundencenter\/meine-lizenz\/#primaryimage"},"thumbnailUrl":"https:\/\/www.winmod.de\/wp-content\/uploads\/2025\/12\/Icon_WinMOD-1.svg","datePublished":"2025-11-14T11:54:56+00:00","dateModified":"2025-12-11T08:31:02+00:00","breadcrumb":{"@id":"https:\/\/www.winmod.de\/kundencenter\/meine-lizenz\/#breadcrumb"},"inLanguage":"en-GB","potentialAction":[{"@type":"ReadAction","target":["https:\/\/www.winmod.de\/kundencenter\/meine-lizenz\/"]}]},{"@type":"ImageObject","inLanguage":"en-GB","@id":"https:\/\/www.winmod.de\/kundencenter\/meine-lizenz\/#primaryimage","url":"https:\/\/www.winmod.de\/wp-content\/uploads\/2025\/12\/Icon_WinMOD-1.svg","contentUrl":"https:\/\/www.winmod.de\/wp-content\/uploads\/2025\/12\/Icon_WinMOD-1.svg"},{"@type":"BreadcrumbList","@id":"https:\/\/www.winmod.de\/kundencenter\/meine-lizenz\/#breadcrumb","itemListElement":[{"@type":"ListItem","position":1,"name":"Startseite","item":"https:\/\/www.winmod.de\/"},{"@type":"ListItem","position":2,"name":"Kundencenter","item":"https:\/\/www.winmod.de\/kundencenter\/"},{"@type":"ListItem","position":3,"name":"Meine Lizenz"}]},{"@type":"WebSite","@id":"https:\/\/www.winmod.de\/#website","url":"https:\/\/www.winmod.de\/","name":"WinMOD","description":"Virtual commissioning of machines and systems in real time","publisher":{"@id":"https:\/\/www.winmod.de\/#organization"},"alternateName":"WinMOD","potentialAction":[{"@type":"SearchAction","target":{"@type":"EntryPoint","urlTemplate":"https:\/\/www.winmod.de\/?s={search_term_string}"},"query-input":{"@type":"PropertyValueSpecification","valueRequired":true,"valueName":"search_term_string"}}],"inLanguage":"en-GB"},{"@type":"Organization","@id":"https:\/\/www.winmod.de\/#organization","name":"WinMOD Ltd.","alternateName":"WinMOD","url":"https:\/\/www.winmod.de\/","logo":{"@type":"ImageObject","inLanguage":"en-GB","@id":"https:\/\/www.winmod.de\/#\/schema\/logo\/image\/","url":"https:\/\/www.winmod.de\/wp-content\/uploads\/2024\/08\/winmod_logo.svg","contentUrl":"https:\/\/www.winmod.de\/wp-content\/uploads\/2024\/08\/winmod_logo.svg","width":299,"height":59,"caption":"WinMOD GmbH"},"image":{"@id":"https:\/\/www.winmod.de\/#\/schema\/logo\/image\/"},"sameAs":["https:\/\/de.linkedin.com\/company\/winmod-for-factory-automation","https:\/\/www.youtube.com\/channel\/UC8GOsn1z7XSHflxqIZS_V-g"]}]}},"_links":{"self":[{"href":"https:\/\/www.winmod.de\/en\/wp-json\/wp\/v2\/pages\/6185","targetHints":{"allow":["GET"]}}],"collection":[{"href":"https:\/\/www.winmod.de\/en\/wp-json\/wp\/v2\/pages"}],"about":[{"href":"https:\/\/www.winmod.de\/en\/wp-json\/wp\/v2\/types\/page"}],"author":[{"embeddable":true,"href":"https:\/\/www.winmod.de\/en\/wp-json\/wp\/v2\/users\/4"}],"replies":[{"embeddable":true,"href":"https:\/\/www.winmod.de\/en\/wp-json\/wp\/v2\/comments?post=6185"}],"version-history":[{"count":52,"href":"https:\/\/www.winmod.de\/en\/wp-json\/wp\/v2\/pages\/6185\/revisions"}],"predecessor-version":[{"id":7379,"href":"https:\/\/www.winmod.de\/en\/wp-json\/wp\/v2\/pages\/6185\/revisions\/7379"}],"up":[{"embeddable":true,"href":"https:\/\/www.winmod.de\/en\/wp-json\/wp\/v2\/pages\/4846"}],"wp:attachment":[{"href":"https:\/\/www.winmod.de\/en\/wp-json\/wp\/v2\/media?parent=6185"}],"curies":[{"name":"wp","href":"https:\/\/api.w.org\/{rel}","templated":true}]}}