{"id":2039,"date":"2025-05-26T10:30:59","date_gmt":"2025-05-26T08:30:59","guid":{"rendered":"https:\/\/www.virtuelle-anlage.de\/?page_id=2039"},"modified":"2025-11-20T13:26:38","modified_gmt":"2025-11-20T12:26:38","slug":"licence-agreement","status":"publish","type":"page","link":"https:\/\/www.winmod.de\/en\/licence-agreement\/","title":{"rendered":"licence agreement"},"content":{"rendered":"<div data-elementor-type=\"wp-page\" data-elementor-id=\"2039\" class=\"elementor elementor-2039\" data-elementor-post-type=\"page\">\n\t\t\t\t<div class=\"elementor-element elementor-element-2993bdb e-flex e-con-boxed e-con e-parent\" data-id=\"2993bdb\" data-element_type=\"container\" data-e-type=\"container\">\n\t\t\t\t\t<div class=\"e-con-inner\">\n\t\t<div class=\"elementor-element elementor-element-64ee21c e-con-full e-flex e-con e-child\" data-id=\"64ee21c\" data-element_type=\"container\" data-e-type=\"container\">\n\t\t\t\t<div class=\"elementor-element elementor-element-0874ca8 elementor-widget elementor-widget-heading\" data-id=\"0874ca8\" data-element_type=\"widget\" data-e-type=\"widget\" data-widget_type=\"heading.default\">\n\t\t\t\t<div class=\"elementor-widget-container\">\n\t\t\t\t\t<h1 class=\"elementor-heading-title elementor-size-default\">WinMOD licence agreement<\/h1>\t\t\t\t<\/div>\n\t\t\t\t<\/div>\n\t\t\t\t<div class=\"elementor-element elementor-element-81e449d elementor-widget elementor-widget-text-editor\" data-id=\"81e449d\" data-element_type=\"widget\" data-e-type=\"widget\" data-widget_type=\"text-editor.default\">\n\t\t\t\t<div class=\"elementor-widget-container\">\n\t\t\t\t\t\t\t\t\t<p>All software components (WinMOD system software, WinMOD configurations, recorders, etc.) for a WinMOD system purchased by the licensee are licensed for a shared WinMOD system licence.<\/p><p>A unique licence number is assigned upon delivery of the WinMOD system software. All software modules included in a WinMOD system licence must have the same software release version (release number) to ensure operational compatibility.<\/p><p>WINMOD offers the WinMOD standard service and the WinMOD software maintenance service for the ongoing updating of the software version at the licensee's premises.<\/p><p>The WinMOD licence agreement will be sent to you together with the delivery of the corresponding software components, manuals and any hardware. Please return a completed copy of the WinMOD licence agreement to Mewes &amp; Partner.<\/p><p>For your preliminary information, a copy of the WinMOD licence agreement is available in the download area.<\/p><p>Download: <a href=\"https:\/\/www.winmod.de\/wp-content\/uploads\/2025\/05\/05_2024_WinMOD-Lizenzvertrag-Standard.pdf\" target=\"_blank\" rel=\"noopener\">WinMOD licence agreement<\/a><\/p><p>You will need Adobe Reader to view this document.<\/p><p><a href=\"https:\/\/get.adobe.com\/de\/reader\/\" target=\"_blank\" rel=\"noopener\">Download Adobe Reader<\/a><\/p>\t\t\t\t\t\t\t\t<\/div>\n\t\t\t\t<\/div>\n\t\t\t\t<\/div>\n\t\t\t\t\t<\/div>\n\t\t\t\t<\/div>\n\t\t\t\t<\/div>","protected":false},"excerpt":{"rendered":"<p>WinMOD-Lizenz&shy;vertrag Alle durch den Lizenznehmer erworbenen Softwarekomponenten (WinMOD-Systemsoftware, WinMOD-Konfigurationen, Recorder, \u2026) f\u00fcr ein WinMOD-System sind f\u00fcr eine gemeinsame WinMOD-Systemlizenz lizenziert. Eine eindeutige Lizenznummer wird mit der Lieferung der WinMOD-Systemsoftware festgelegt. Alle in einer WinMOD-Systemlizenz zusammengefassten Softwaremodule m\u00fcssen zur Absicherung der Betriebsf\u00e4higkeit den gleichen Softwareausgabestand (Releasenummer) haben. F\u00fcr die laufende Aktualisierung des Softwarestandes beim Lizenznehmer wird [&hellip;]<\/p>","protected":false},"author":1,"featured_media":0,"parent":0,"menu_order":0,"comment_status":"closed","ping_status":"closed","template":"","meta":{"_acf_changed":false,"footnotes":""},"class_list":["post-2039","page","type-page","status-publish","hentry"],"acf":[],"yoast_head":"<!-- This site is optimized with the Yoast SEO plugin v26.9 - https:\/\/yoast.com\/product\/yoast-seo-wordpress\/ -->\n<title>Lizenzvertrag &#8212; WinMOD<\/title>\n<meta name=\"robots\" content=\"index, follow, max-snippet:-1, max-image-preview:large, max-video-preview:-1\" \/>\n<link rel=\"canonical\" href=\"https:\/\/www.winmod.de\/en\/licence-agreement\/\" \/>\n<meta property=\"og:locale\" content=\"en_GB\" \/>\n<meta property=\"og:type\" content=\"article\" \/>\n<meta property=\"og:title\" content=\"Lizenzvertrag &#8212; WinMOD\" \/>\n<meta property=\"og:description\" content=\"WinMOD-Lizenz&shy;vertrag Alle durch den Lizenznehmer erworbenen Softwarekomponenten (WinMOD-Systemsoftware, WinMOD-Konfigurationen, Recorder, \u2026) f\u00fcr ein WinMOD-System sind f\u00fcr eine gemeinsame WinMOD-Systemlizenz lizenziert. Eine eindeutige Lizenznummer wird mit der Lieferung der WinMOD-Systemsoftware festgelegt. Alle in einer WinMOD-Systemlizenz zusammengefassten Softwaremodule m\u00fcssen zur Absicherung der Betriebsf\u00e4higkeit den gleichen Softwareausgabestand (Releasenummer) haben. F\u00fcr die laufende Aktualisierung des Softwarestandes beim Lizenznehmer wird [&hellip;]\" \/>\n<meta property=\"og:url\" content=\"https:\/\/www.winmod.de\/en\/licence-agreement\/\" \/>\n<meta property=\"og:site_name\" content=\"WinMOD\" \/>\n<meta property=\"article:modified_time\" content=\"2025-11-20T12:26:38+00:00\" \/>\n<meta property=\"og:image\" content=\"https:\/\/www.winmod.de\/wp-content\/uploads\/2025\/11\/WinMOD_Fb_Shareimage.png\" \/>\n\t<meta property=\"og:image:width\" content=\"1200\" \/>\n\t<meta property=\"og:image:height\" content=\"675\" \/>\n\t<meta property=\"og:image:type\" content=\"image\/png\" \/>\n<meta name=\"twitter:card\" content=\"summary_large_image\" \/>\n<meta name=\"twitter:label1\" content=\"Estimated reading time\" \/>\n\t<meta name=\"twitter:data1\" content=\"1 minute\" \/>\n<script type=\"application\/ld+json\" class=\"yoast-schema-graph\">{\"@context\":\"https:\/\/schema.org\",\"@graph\":[{\"@type\":\"WebPage\",\"@id\":\"https:\/\/www.winmod.de\/lizenzvertrag\/\",\"url\":\"https:\/\/www.winmod.de\/lizenzvertrag\/\",\"name\":\"Lizenzvertrag &#8212; WinMOD\",\"isPartOf\":{\"@id\":\"https:\/\/www.winmod.de\/#website\"},\"datePublished\":\"2025-05-26T08:30:59+00:00\",\"dateModified\":\"2025-11-20T12:26:38+00:00\",\"breadcrumb\":{\"@id\":\"https:\/\/www.winmod.de\/lizenzvertrag\/#breadcrumb\"},\"inLanguage\":\"en-GB\",\"potentialAction\":[{\"@type\":\"ReadAction\",\"target\":[\"https:\/\/www.winmod.de\/lizenzvertrag\/\"]}]},{\"@type\":\"BreadcrumbList\",\"@id\":\"https:\/\/www.winmod.de\/lizenzvertrag\/#breadcrumb\",\"itemListElement\":[{\"@type\":\"ListItem\",\"position\":1,\"name\":\"Startseite\",\"item\":\"https:\/\/www.winmod.de\/\"},{\"@type\":\"ListItem\",\"position\":2,\"name\":\"Lizenzvertrag\"}]},{\"@type\":\"WebSite\",\"@id\":\"https:\/\/www.winmod.de\/#website\",\"url\":\"https:\/\/www.winmod.de\/\",\"name\":\"WinMOD\",\"description\":\"Virtuelle Inbetriebnahme von Maschinen und Anlagen in Echtzeit\",\"publisher\":{\"@id\":\"https:\/\/www.winmod.de\/#organization\"},\"alternateName\":\"WinMOD\",\"potentialAction\":[{\"@type\":\"SearchAction\",\"target\":{\"@type\":\"EntryPoint\",\"urlTemplate\":\"https:\/\/www.winmod.de\/?s={search_term_string}\"},\"query-input\":{\"@type\":\"PropertyValueSpecification\",\"valueRequired\":true,\"valueName\":\"search_term_string\"}}],\"inLanguage\":\"en-GB\"},{\"@type\":\"Organization\",\"@id\":\"https:\/\/www.winmod.de\/#organization\",\"name\":\"WinMOD GmbH\",\"alternateName\":\"WinMOD\",\"url\":\"https:\/\/www.winmod.de\/\",\"logo\":{\"@type\":\"ImageObject\",\"inLanguage\":\"en-GB\",\"@id\":\"https:\/\/www.winmod.de\/#\/schema\/logo\/image\/\",\"url\":\"https:\/\/www.winmod.de\/wp-content\/uploads\/2024\/08\/winmod_logo.svg\",\"contentUrl\":\"https:\/\/www.winmod.de\/wp-content\/uploads\/2024\/08\/winmod_logo.svg\",\"width\":299,\"height\":59,\"caption\":\"WinMOD GmbH\"},\"image\":{\"@id\":\"https:\/\/www.winmod.de\/#\/schema\/logo\/image\/\"},\"sameAs\":[\"https:\/\/de.linkedin.com\/company\/winmod-for-factory-automation\",\"https:\/\/www.youtube.com\/channel\/UC8GOsn1z7XSHflxqIZS_V-g\"]}]}<\/script>\n<!-- \/ Yoast SEO plugin. -->","yoast_head_json":{"title":"Licence agreement - WinMOD","robots":{"index":"index","follow":"follow","max-snippet":"max-snippet:-1","max-image-preview":"max-image-preview:large","max-video-preview":"max-video-preview:-1"},"canonical":"https:\/\/www.winmod.de\/en\/licence-agreement\/","og_locale":"en_GB","og_type":"article","og_title":"Lizenzvertrag &#8212; WinMOD","og_description":"WinMOD-Lizenz&shy;vertrag Alle durch den Lizenznehmer erworbenen Softwarekomponenten (WinMOD-Systemsoftware, WinMOD-Konfigurationen, Recorder, \u2026) f\u00fcr ein WinMOD-System sind f\u00fcr eine gemeinsame WinMOD-Systemlizenz lizenziert. Eine eindeutige Lizenznummer wird mit der Lieferung der WinMOD-Systemsoftware festgelegt. Alle in einer WinMOD-Systemlizenz zusammengefassten Softwaremodule m\u00fcssen zur Absicherung der Betriebsf\u00e4higkeit den gleichen Softwareausgabestand (Releasenummer) haben. F\u00fcr die laufende Aktualisierung des Softwarestandes beim Lizenznehmer wird [&hellip;]","og_url":"https:\/\/www.winmod.de\/en\/licence-agreement\/","og_site_name":"WinMOD","article_modified_time":"2025-11-20T12:26:38+00:00","og_image":[{"width":1200,"height":675,"url":"https:\/\/www.winmod.de\/wp-content\/uploads\/2025\/11\/WinMOD_Fb_Shareimage.png","type":"image\/png"}],"twitter_card":"summary_large_image","twitter_misc":{"Estimated reading time":"1 minute"},"schema":{"@context":"https:\/\/schema.org","@graph":[{"@type":"WebPage","@id":"https:\/\/www.winmod.de\/lizenzvertrag\/","url":"https:\/\/www.winmod.de\/lizenzvertrag\/","name":"Licence agreement - WinMOD","isPartOf":{"@id":"https:\/\/www.winmod.de\/#website"},"datePublished":"2025-05-26T08:30:59+00:00","dateModified":"2025-11-20T12:26:38+00:00","breadcrumb":{"@id":"https:\/\/www.winmod.de\/lizenzvertrag\/#breadcrumb"},"inLanguage":"en-GB","potentialAction":[{"@type":"ReadAction","target":["https:\/\/www.winmod.de\/lizenzvertrag\/"]}]},{"@type":"BreadcrumbList","@id":"https:\/\/www.winmod.de\/lizenzvertrag\/#breadcrumb","itemListElement":[{"@type":"ListItem","position":1,"name":"Startseite","item":"https:\/\/www.winmod.de\/"},{"@type":"ListItem","position":2,"name":"Lizenzvertrag"}]},{"@type":"WebSite","@id":"https:\/\/www.winmod.de\/#website","url":"https:\/\/www.winmod.de\/","name":"WinMOD","description":"Virtual commissioning of machines and systems in real time","publisher":{"@id":"https:\/\/www.winmod.de\/#organization"},"alternateName":"WinMOD","potentialAction":[{"@type":"SearchAction","target":{"@type":"EntryPoint","urlTemplate":"https:\/\/www.winmod.de\/?s={search_term_string}"},"query-input":{"@type":"PropertyValueSpecification","valueRequired":true,"valueName":"search_term_string"}}],"inLanguage":"en-GB"},{"@type":"Organization","@id":"https:\/\/www.winmod.de\/#organization","name":"WinMOD Ltd.","alternateName":"WinMOD","url":"https:\/\/www.winmod.de\/","logo":{"@type":"ImageObject","inLanguage":"en-GB","@id":"https:\/\/www.winmod.de\/#\/schema\/logo\/image\/","url":"https:\/\/www.winmod.de\/wp-content\/uploads\/2024\/08\/winmod_logo.svg","contentUrl":"https:\/\/www.winmod.de\/wp-content\/uploads\/2024\/08\/winmod_logo.svg","width":299,"height":59,"caption":"WinMOD GmbH"},"image":{"@id":"https:\/\/www.winmod.de\/#\/schema\/logo\/image\/"},"sameAs":["https:\/\/de.linkedin.com\/company\/winmod-for-factory-automation","https:\/\/www.youtube.com\/channel\/UC8GOsn1z7XSHflxqIZS_V-g"]}]}},"_links":{"self":[{"href":"https:\/\/www.winmod.de\/en\/wp-json\/wp\/v2\/pages\/2039","targetHints":{"allow":["GET"]}}],"collection":[{"href":"https:\/\/www.winmod.de\/en\/wp-json\/wp\/v2\/pages"}],"about":[{"href":"https:\/\/www.winmod.de\/en\/wp-json\/wp\/v2\/types\/page"}],"author":[{"embeddable":true,"href":"https:\/\/www.winmod.de\/en\/wp-json\/wp\/v2\/users\/1"}],"replies":[{"embeddable":true,"href":"https:\/\/www.winmod.de\/en\/wp-json\/wp\/v2\/comments?post=2039"}],"version-history":[{"count":13,"href":"https:\/\/www.winmod.de\/en\/wp-json\/wp\/v2\/pages\/2039\/revisions"}],"predecessor-version":[{"id":6897,"href":"https:\/\/www.winmod.de\/en\/wp-json\/wp\/v2\/pages\/2039\/revisions\/6897"}],"wp:attachment":[{"href":"https:\/\/www.winmod.de\/en\/wp-json\/wp\/v2\/media?parent=2039"}],"curies":[{"name":"wp","href":"https:\/\/api.w.org\/{rel}","templated":true}]}}