{"id":1714,"date":"2025-02-11T14:03:53","date_gmt":"2025-02-11T13:03:53","guid":{"rendered":"https:\/\/www.virtuelle-anlage.de\/?page_id=1714"},"modified":"2025-11-19T15:25:37","modified_gmt":"2025-11-19T14:25:37","slug":"plan","status":"publish","type":"page","link":"https:\/\/www.winmod.de\/en\/utilization\/plan\/","title":{"rendered":"Planning"},"content":{"rendered":"<div data-elementor-type=\"wp-page\" data-elementor-id=\"1714\" class=\"elementor elementor-1714\" data-elementor-post-type=\"page\">\n\t\t\t\t<div class=\"elementor-element elementor-element-608d6b0 e-flex e-con-boxed e-con e-parent\" data-id=\"608d6b0\" data-element_type=\"container\" data-e-type=\"container\">\n\t\t\t\t\t<div class=\"e-con-inner\">\n\t\t<div class=\"elementor-element elementor-element-93e2fe7 e-flex e-con-boxed e-con e-child\" data-id=\"93e2fe7\" data-element_type=\"container\" data-e-type=\"container\" data-settings=\"{&quot;background_background&quot;:&quot;classic&quot;}\">\n\t\t\t\t\t<div class=\"e-con-inner\">\n\t\t\t\t<div class=\"elementor-element elementor-element-a0b9cc3 elementor-widget elementor-widget-heading\" data-id=\"a0b9cc3\" data-element_type=\"widget\" data-e-type=\"widget\" data-widget_type=\"heading.default\">\n\t\t\t\t<div class=\"elementor-widget-container\">\n\t\t\t\t\t<div class=\"elementor-heading-title elementor-size-default\">Planning<\/div>\t\t\t\t<\/div>\n\t\t\t\t<\/div>\n\t\t\t\t<div class=\"elementor-element elementor-element-ac7d066 elementor-widget elementor-widget-heading\" data-id=\"ac7d066\" data-element_type=\"widget\" data-e-type=\"widget\" data-widget_type=\"heading.default\">\n\t\t\t\t<div class=\"elementor-widget-container\">\n\t\t\t\t\t<h1 class=\"elementor-heading-title elementor-size-default\">Transparent planning of complex systems and processes<\/h1>\t\t\t\t<\/div>\n\t\t\t\t<\/div>\n\t\t\t\t<div class=\"elementor-element elementor-element-cac086d elementor-widget__width-initial elementor-widget-tablet__width-inherit elementor-widget elementor-widget-text-editor\" data-id=\"cac086d\" data-element_type=\"widget\" data-e-type=\"widget\" data-widget_type=\"text-editor.default\">\n\t\t\t\t<div class=\"elementor-widget-container\">\n\t\t\t\t\t\t\t\t\t<p>Preparing a virtual machine\/system at the earliest possible stage of project development makes it possible to clearly specify functional processes and coordinate them with all those involved in the project.<\/p>\t\t\t\t\t\t\t\t<\/div>\n\t\t\t\t<\/div>\n\t\t\t\t\t<\/div>\n\t\t\t\t<\/div>\n\t\t\t\t\t<\/div>\n\t\t\t\t<\/div>\n\t\t<div class=\"elementor-element elementor-element-610b0d5 e-flex e-con-boxed e-con e-parent\" data-id=\"610b0d5\" data-element_type=\"container\" data-e-type=\"container\">\n\t\t\t\t\t<div class=\"e-con-inner\">\n\t\t\t\t<div class=\"elementor-element elementor-element-3576218 elementor-widget elementor-widget-heading\" data-id=\"3576218\" data-element_type=\"widget\" data-e-type=\"widget\" data-widget_type=\"heading.default\">\n\t\t\t\t<div class=\"elementor-widget-container\">\n\t\t\t\t\t<h3 class=\"elementor-heading-title elementor-size-default\">With WinMOD: From idea to virtual plant in record time<\/h3>\t\t\t\t<\/div>\n\t\t\t\t<\/div>\n\t\t\t\t<div class=\"elementor-element elementor-element-abcbea8 elementor-widget__width-inherit elementor-widget elementor-widget-text-editor\" data-id=\"abcbea8\" data-element_type=\"widget\" data-e-type=\"widget\" data-widget_type=\"text-editor.default\">\n\t\t\t\t<div class=\"elementor-widget-container\">\n\t\t\t\t\t\t\t\t\t<p>The modules of the WinMOD system platform are used to create plant simulations or virtual machines\/plants. Instead of the actual planned control system, the control system is simulated using elements of the WinMOD system software. The Forcemachine, Statemachine and Flowmachine are available for this purpose. All other elements of the WinMOD system platform can be used for links, time functions, operating and display elements.<\/p>\t\t\t\t\t\t\t\t<\/div>\n\t\t\t\t<\/div>\n\t\t\t\t\t<\/div>\n\t\t\t\t<\/div>\n\t\t<div class=\"elementor-element elementor-element-8e589e2 e-flex e-con-boxed e-con e-parent\" data-id=\"8e589e2\" data-element_type=\"container\" data-e-type=\"container\" data-settings=\"{&quot;background_background&quot;:&quot;classic&quot;}\">\n\t\t\t\t\t<div class=\"e-con-inner\">\n\t\t<div class=\"elementor-element elementor-element-a030e09 e-con-full e-flex e-con e-child\" data-id=\"a030e09\" data-element_type=\"container\" data-e-type=\"container\">\n\t\t<div class=\"elementor-element elementor-element-836be8d e-con-full e-flex e-con e-child\" data-id=\"836be8d\" data-element_type=\"container\" data-e-type=\"container\" data-settings=\"{&quot;background_background&quot;:&quot;classic&quot;}\">\n\t\t\t\t<div class=\"elementor-element elementor-element-7bd935e elementor-widget elementor-widget-heading\" data-id=\"7bd935e\" data-element_type=\"widget\" data-e-type=\"widget\" data-widget_type=\"heading.default\">\n\t\t\t\t<div class=\"elementor-widget-container\">\n\t\t\t\t\t<h3 class=\"elementor-heading-title elementor-size-default\">Implementation with WinMOD<\/h3>\t\t\t\t<\/div>\n\t\t\t\t<\/div>\n\t\t\t\t<div class=\"elementor-element elementor-element-2d19f1c elementor-icon-list--layout-traditional elementor-list-item-link-full_width elementor-widget elementor-widget-icon-list\" data-id=\"2d19f1c\" data-element_type=\"widget\" data-e-type=\"widget\" data-widget_type=\"icon-list.default\">\n\t\t\t\t<div class=\"elementor-widget-container\">\n\t\t\t\t\t\t\t<ul class=\"elementor-icon-list-items\">\n\t\t\t\t\t\t\t<li class=\"elementor-icon-list-item\">\n\t\t\t\t\t\t\t\t\t\t\t<span class=\"elementor-icon-list-icon\">\n\t\t\t\t\t\t\t<svg aria-hidden=\"true\" class=\"e-font-icon-svg e-fas-check\" viewbox=\"0 0 512 512\" xmlns=\"http:\/\/www.w3.org\/2000\/svg\"><path d=\"M173.898 439.404l-166.4-166.4c-9.997-9.997-9.997-26.206 0-36.204l36.203-36.204c9.997-9.998 26.207-9.998 36.204 0L192 312.69 432.095 72.596c9.997-9.997 26.207-9.997 36.204 0l36.203 36.204c9.997 9.997 9.997 26.206 0 36.204l-294.4 294.401c-9.998 9.997-26.207 9.997-36.204-.001z\"><\/path><\/svg>\t\t\t\t\t\t<\/span>\n\t\t\t\t\t\t\t\t\t\t<span class=\"elementor-icon-list-text\">All functionality of the planned system and control can be implemented on PCs with a common user interface.<\/span>\n\t\t\t\t\t\t\t\t\t<\/li>\n\t\t\t\t\t\t\t\t<li class=\"elementor-icon-list-item\">\n\t\t\t\t\t\t\t\t\t\t\t<span class=\"elementor-icon-list-icon\">\n\t\t\t\t\t\t\t<svg aria-hidden=\"true\" class=\"e-font-icon-svg e-fas-check\" viewbox=\"0 0 512 512\" xmlns=\"http:\/\/www.w3.org\/2000\/svg\"><path d=\"M173.898 439.404l-166.4-166.4c-9.997-9.997-9.997-26.206 0-36.204l36.203-36.204c9.997-9.998 26.207-9.998 36.204 0L192 312.69 432.095 72.596c9.997-9.997 26.207-9.997 36.204 0l36.203 36.204c9.997 9.997 9.997 26.206 0 36.204l-294.4 294.401c-9.998 9.997-26.207 9.997-36.204-.001z\"><\/path><\/svg>\t\t\t\t\t\t<\/span>\n\t\t\t\t\t\t\t\t\t\t<span class=\"elementor-icon-list-text\">Function is immediately transparent to third parties<\/span>\n\t\t\t\t\t\t\t\t\t<\/li>\n\t\t\t\t\t\t\t\t<li class=\"elementor-icon-list-item\">\n\t\t\t\t\t\t\t\t\t\t\t<span class=\"elementor-icon-list-icon\">\n\t\t\t\t\t\t\t<svg aria-hidden=\"true\" class=\"e-font-icon-svg e-fas-check\" viewbox=\"0 0 512 512\" xmlns=\"http:\/\/www.w3.org\/2000\/svg\"><path d=\"M173.898 439.404l-166.4-166.4c-9.997-9.997-9.997-26.206 0-36.204l36.203-36.204c9.997-9.998 26.207-9.998 36.204 0L192 312.69 432.095 72.596c9.997-9.997 26.207-9.997 36.204 0l36.203 36.204c9.997 9.997 9.997 26.206 0 36.204l-294.4 294.401c-9.998 9.997-26.207 9.997-36.204-.001z\"><\/path><\/svg>\t\t\t\t\t\t<\/span>\n\t\t\t\t\t\t\t\t\t\t<span class=\"elementor-icon-list-text\">Time sequences can be visualised and documented<\/span>\n\t\t\t\t\t\t\t\t\t<\/li>\n\t\t\t\t\t\t\t\t<li class=\"elementor-icon-list-item\">\n\t\t\t\t\t\t\t\t\t\t\t<span class=\"elementor-icon-list-icon\">\n\t\t\t\t\t\t\t<svg aria-hidden=\"true\" class=\"e-font-icon-svg e-fas-check\" viewbox=\"0 0 512 512\" xmlns=\"http:\/\/www.w3.org\/2000\/svg\"><path d=\"M173.898 439.404l-166.4-166.4c-9.997-9.997-9.997-26.206 0-36.204l36.203-36.204c9.997-9.998 26.207-9.998 36.204 0L192 312.69 432.095 72.596c9.997-9.997 26.207-9.997 36.204 0l36.203 36.204c9.997 9.997 9.997 26.206 0 36.204l-294.4 294.401c-9.998 9.997-26.207 9.997-36.204-.001z\"><\/path><\/svg>\t\t\t\t\t\t<\/span>\n\t\t\t\t\t\t\t\t\t\t<span class=\"elementor-icon-list-text\">The integrated force machine and state machine define control sequences.<\/span>\n\t\t\t\t\t\t\t\t\t<\/li>\n\t\t\t\t\t\t\t\t<li class=\"elementor-icon-list-item\">\n\t\t\t\t\t\t\t\t\t\t\t<span class=\"elementor-icon-list-icon\">\n\t\t\t\t\t\t\t<svg aria-hidden=\"true\" class=\"e-font-icon-svg e-fas-check\" viewbox=\"0 0 512 512\" xmlns=\"http:\/\/www.w3.org\/2000\/svg\"><path d=\"M173.898 439.404l-166.4-166.4c-9.997-9.997-9.997-26.206 0-36.204l36.203-36.204c9.997-9.998 26.207-9.998 36.204 0L192 312.69 432.095 72.596c9.997-9.997 26.207-9.997 36.204 0l36.203 36.204c9.997 9.997 9.997 26.206 0 36.204l-294.4 294.401c-9.998 9.997-26.207 9.997-36.204-.001z\"><\/path><\/svg>\t\t\t\t\t\t<\/span>\n\t\t\t\t\t\t\t\t\t\t<span class=\"elementor-icon-list-text\">Versatile visualisations ensure understanding of the function<\/span>\n\t\t\t\t\t\t\t\t\t<\/li>\n\t\t\t\t\t\t\t\t<li class=\"elementor-icon-list-item\">\n\t\t\t\t\t\t\t\t\t\t\t<span class=\"elementor-icon-list-icon\">\n\t\t\t\t\t\t\t<svg aria-hidden=\"true\" class=\"e-font-icon-svg e-fas-check\" viewbox=\"0 0 512 512\" xmlns=\"http:\/\/www.w3.org\/2000\/svg\"><path d=\"M173.898 439.404l-166.4-166.4c-9.997-9.997-9.997-26.206 0-36.204l36.203-36.204c9.997-9.998 26.207-9.998 36.204 0L192 312.69 432.095 72.596c9.997-9.997 26.207-9.997 36.204 0l36.203 36.204c9.997 9.997 9.997 26.206 0 36.204l-294.4 294.401c-9.998 9.997-26.207 9.997-36.204-.001z\"><\/path><\/svg>\t\t\t\t\t\t<\/span>\n\t\t\t\t\t\t\t\t\t\t<span class=\"elementor-icon-list-text\">Early real-time simulation of the function helps to avoid errors or detect them in good time.<\/span>\n\t\t\t\t\t\t\t\t\t<\/li>\n\t\t\t\t\t\t\t\t<li class=\"elementor-icon-list-item\">\n\t\t\t\t\t\t\t\t\t\t\t<span class=\"elementor-icon-list-icon\">\n\t\t\t\t\t\t\t<svg aria-hidden=\"true\" class=\"e-font-icon-svg e-fas-check\" viewbox=\"0 0 512 512\" xmlns=\"http:\/\/www.w3.org\/2000\/svg\"><path d=\"M173.898 439.404l-166.4-166.4c-9.997-9.997-9.997-26.206 0-36.204l36.203-36.204c9.997-9.998 26.207-9.998 36.204 0L192 312.69 432.095 72.596c9.997-9.997 26.207-9.997 36.204 0l36.203 36.204c9.997 9.997 9.997 26.206 0 36.204l-294.4 294.401c-9.998 9.997-26.207 9.997-36.204-.001z\"><\/path><\/svg>\t\t\t\t\t\t<\/span>\n\t\t\t\t\t\t\t\t\t\t<span class=\"elementor-icon-list-text\">Once completed, the virtual control functions can be switched off and virtual commissioning can be carried out for software testing.<\/span>\n\t\t\t\t\t\t\t\t\t<\/li>\n\t\t\t\t\t\t<\/ul>\n\t\t\t\t\t\t<\/div>\n\t\t\t\t<\/div>\n\t\t\t\t<\/div>\n\t\t<div class=\"elementor-element elementor-element-18bfdb1 e-con-full e-flex e-con e-child\" data-id=\"18bfdb1\" data-element_type=\"container\" data-e-type=\"container\">\n\t\t\t\t<div class=\"elementor-element elementor-element-923f7d0 elementor-widget__width-inherit elementor-widget elementor-widget-image\" data-id=\"923f7d0\" data-element_type=\"widget\" data-e-type=\"widget\" data-widget_type=\"image.default\">\n\t\t\t\t<div class=\"elementor-widget-container\">\n\t\t\t\t\t\t\t\t\t\t\t\t\t\t\t<img fetchpriority=\"high\" decoding=\"async\" width=\"800\" height=\"348\" src=\"https:\/\/www.winmod.de\/wp-content\/uploads\/2025\/11\/AdobeStock_671010992-1024x445.jpeg\" class=\"attachment-large size-large wp-image-6664\" alt=\"\" srcset=\"https:\/\/www.winmod.de\/wp-content\/uploads\/2025\/11\/AdobeStock_671010992-1024x445.jpeg 1024w, https:\/\/www.winmod.de\/wp-content\/uploads\/2025\/11\/AdobeStock_671010992-300x130.jpeg 300w, https:\/\/www.winmod.de\/wp-content\/uploads\/2025\/11\/AdobeStock_671010992-768x334.jpeg 768w, https:\/\/www.winmod.de\/wp-content\/uploads\/2025\/11\/AdobeStock_671010992-1536x667.jpeg 1536w, https:\/\/www.winmod.de\/wp-content\/uploads\/2025\/11\/AdobeStock_671010992-2048x890.jpeg 2048w, https:\/\/www.winmod.de\/wp-content\/uploads\/2025\/11\/AdobeStock_671010992-18x8.jpeg 18w\" sizes=\"(max-width: 800px) 100vw, 800px\" \/>\t\t\t\t\t\t\t\t\t\t\t\t\t\t\t<\/div>\n\t\t\t\t<\/div>\n\t\t\t\t<\/div>\n\t\t\t\t<\/div>\n\t\t\t\t\t<\/div>\n\t\t\t\t<\/div>\n\t\t\t\t<\/div>","protected":false},"excerpt":{"rendered":"<p>Planning Planning complex systems and processes transparently Preparing a virtual machine\/system at the earliest possible stage of the project makes it possible to clearly specify functional processes and coordinate them with everyone involved in the project. With WinMOD: From the idea to the virtual plant in record time The modules of the WinMOD system platform are used to create plant simulations or virtual machines\/plants [...]<\/p>","protected":false},"author":2,"featured_media":0,"parent":886,"menu_order":0,"comment_status":"closed","ping_status":"closed","template":"","meta":{"_acf_changed":false,"footnotes":""},"class_list":["post-1714","page","type-page","status-publish","hentry"],"acf":[],"yoast_head":"<!-- This site is optimized with the Yoast SEO plugin v26.9 - https:\/\/yoast.com\/product\/yoast-seo-wordpress\/ -->\n<title>Planen &#8212; WinMOD<\/title>\n<meta name=\"robots\" content=\"index, follow, max-snippet:-1, max-image-preview:large, max-video-preview:-1\" \/>\n<link rel=\"canonical\" href=\"https:\/\/www.winmod.de\/en\/utilization\/plan\/\" \/>\n<meta property=\"og:locale\" content=\"en_GB\" \/>\n<meta property=\"og:type\" content=\"article\" \/>\n<meta property=\"og:title\" content=\"Planen &#8212; WinMOD\" \/>\n<meta property=\"og:description\" content=\"Planen Komplexe Anlagen und Prozesse transparent planen\u200b\u200b Die Vorbereitung einer virtuellen Maschine\/Anlage in einer m\u00f6glichst fr\u00fchen Phase der Projektbearbeitung macht es m\u00f6glich, funktionale Abl\u00e4ufe eindeutig zu spezifizieren und mit allen am Projekt Beteiligten abzustimmen. Mit WinMOD: Von der Idee zur virtuellen Anlage in Rekordzeit Mit den Modulen der WinMOD-Systemplattform werden dazu Anlagensimulationen oder virtuelle Maschinen\/Anlagen [&hellip;]\" \/>\n<meta property=\"og:url\" content=\"https:\/\/www.winmod.de\/en\/utilization\/plan\/\" \/>\n<meta property=\"og:site_name\" content=\"WinMOD\" \/>\n<meta property=\"article:modified_time\" content=\"2025-11-19T14:25:37+00:00\" \/>\n<meta property=\"og:image\" content=\"https:\/\/www.winmod.de\/wp-content\/uploads\/2025\/11\/AdobeStock_671010992-scaled.jpeg\" \/>\n\t<meta property=\"og:image:width\" content=\"2560\" \/>\n\t<meta property=\"og:image:height\" content=\"1112\" \/>\n\t<meta property=\"og:image:type\" content=\"image\/jpeg\" \/>\n<meta name=\"twitter:card\" content=\"summary_large_image\" \/>\n<meta name=\"twitter:label1\" content=\"Estimated reading time\" \/>\n\t<meta name=\"twitter:data1\" content=\"1 minute\" \/>\n<script type=\"application\/ld+json\" class=\"yoast-schema-graph\">{\"@context\":\"https:\/\/schema.org\",\"@graph\":[{\"@type\":\"WebPage\",\"@id\":\"https:\/\/www.winmod.de\/nutzen\/planen\/\",\"url\":\"https:\/\/www.winmod.de\/nutzen\/planen\/\",\"name\":\"Planen &#8212; WinMOD\",\"isPartOf\":{\"@id\":\"https:\/\/www.winmod.de\/#website\"},\"primaryImageOfPage\":{\"@id\":\"https:\/\/www.winmod.de\/nutzen\/planen\/#primaryimage\"},\"image\":{\"@id\":\"https:\/\/www.winmod.de\/nutzen\/planen\/#primaryimage\"},\"thumbnailUrl\":\"https:\/\/www.winmod.de\/wp-content\/uploads\/2025\/11\/AdobeStock_671010992-1024x445.jpeg\",\"datePublished\":\"2025-02-11T13:03:53+00:00\",\"dateModified\":\"2025-11-19T14:25:37+00:00\",\"breadcrumb\":{\"@id\":\"https:\/\/www.winmod.de\/nutzen\/planen\/#breadcrumb\"},\"inLanguage\":\"en-GB\",\"potentialAction\":[{\"@type\":\"ReadAction\",\"target\":[\"https:\/\/www.winmod.de\/nutzen\/planen\/\"]}]},{\"@type\":\"ImageObject\",\"inLanguage\":\"en-GB\",\"@id\":\"https:\/\/www.winmod.de\/nutzen\/planen\/#primaryimage\",\"url\":\"https:\/\/www.winmod.de\/wp-content\/uploads\/2025\/11\/AdobeStock_671010992-1024x445.jpeg\",\"contentUrl\":\"https:\/\/www.winmod.de\/wp-content\/uploads\/2025\/11\/AdobeStock_671010992-1024x445.jpeg\"},{\"@type\":\"BreadcrumbList\",\"@id\":\"https:\/\/www.winmod.de\/nutzen\/planen\/#breadcrumb\",\"itemListElement\":[{\"@type\":\"ListItem\",\"position\":1,\"name\":\"Startseite\",\"item\":\"https:\/\/www.winmod.de\/\"},{\"@type\":\"ListItem\",\"position\":2,\"name\":\"Nutzen\",\"item\":\"https:\/\/www.winmod.de\/nutzen\/\"},{\"@type\":\"ListItem\",\"position\":3,\"name\":\"Planen\"}]},{\"@type\":\"WebSite\",\"@id\":\"https:\/\/www.winmod.de\/#website\",\"url\":\"https:\/\/www.winmod.de\/\",\"name\":\"WinMOD\",\"description\":\"Virtuelle Inbetriebnahme von Maschinen und Anlagen in Echtzeit\",\"publisher\":{\"@id\":\"https:\/\/www.winmod.de\/#organization\"},\"alternateName\":\"WinMOD\",\"potentialAction\":[{\"@type\":\"SearchAction\",\"target\":{\"@type\":\"EntryPoint\",\"urlTemplate\":\"https:\/\/www.winmod.de\/?s={search_term_string}\"},\"query-input\":{\"@type\":\"PropertyValueSpecification\",\"valueRequired\":true,\"valueName\":\"search_term_string\"}}],\"inLanguage\":\"en-GB\"},{\"@type\":\"Organization\",\"@id\":\"https:\/\/www.winmod.de\/#organization\",\"name\":\"WinMOD GmbH\",\"alternateName\":\"WinMOD\",\"url\":\"https:\/\/www.winmod.de\/\",\"logo\":{\"@type\":\"ImageObject\",\"inLanguage\":\"en-GB\",\"@id\":\"https:\/\/www.winmod.de\/#\/schema\/logo\/image\/\",\"url\":\"https:\/\/www.winmod.de\/wp-content\/uploads\/2024\/08\/winmod_logo.svg\",\"contentUrl\":\"https:\/\/www.winmod.de\/wp-content\/uploads\/2024\/08\/winmod_logo.svg\",\"width\":299,\"height\":59,\"caption\":\"WinMOD GmbH\"},\"image\":{\"@id\":\"https:\/\/www.winmod.de\/#\/schema\/logo\/image\/\"},\"sameAs\":[\"https:\/\/de.linkedin.com\/company\/winmod-for-factory-automation\",\"https:\/\/www.youtube.com\/channel\/UC8GOsn1z7XSHflxqIZS_V-g\"]}]}<\/script>\n<!-- \/ Yoast SEO plugin. -->","yoast_head_json":{"title":"Planning - WinMOD","robots":{"index":"index","follow":"follow","max-snippet":"max-snippet:-1","max-image-preview":"max-image-preview:large","max-video-preview":"max-video-preview:-1"},"canonical":"https:\/\/www.winmod.de\/en\/utilization\/plan\/","og_locale":"en_GB","og_type":"article","og_title":"Planen &#8212; WinMOD","og_description":"Planen Komplexe Anlagen und Prozesse transparent planen\u200b\u200b Die Vorbereitung einer virtuellen Maschine\/Anlage in einer m\u00f6glichst fr\u00fchen Phase der Projektbearbeitung macht es m\u00f6glich, funktionale Abl\u00e4ufe eindeutig zu spezifizieren und mit allen am Projekt Beteiligten abzustimmen. Mit WinMOD: Von der Idee zur virtuellen Anlage in Rekordzeit Mit den Modulen der WinMOD-Systemplattform werden dazu Anlagensimulationen oder virtuelle Maschinen\/Anlagen [&hellip;]","og_url":"https:\/\/www.winmod.de\/en\/utilization\/plan\/","og_site_name":"WinMOD","article_modified_time":"2025-11-19T14:25:37+00:00","og_image":[{"width":2560,"height":1112,"url":"https:\/\/www.winmod.de\/wp-content\/uploads\/2025\/11\/AdobeStock_671010992-scaled.jpeg","type":"image\/jpeg"}],"twitter_card":"summary_large_image","twitter_misc":{"Estimated reading time":"1 minute"},"schema":{"@context":"https:\/\/schema.org","@graph":[{"@type":"WebPage","@id":"https:\/\/www.winmod.de\/nutzen\/planen\/","url":"https:\/\/www.winmod.de\/nutzen\/planen\/","name":"Planning - WinMOD","isPartOf":{"@id":"https:\/\/www.winmod.de\/#website"},"primaryImageOfPage":{"@id":"https:\/\/www.winmod.de\/nutzen\/planen\/#primaryimage"},"image":{"@id":"https:\/\/www.winmod.de\/nutzen\/planen\/#primaryimage"},"thumbnailUrl":"https:\/\/www.winmod.de\/wp-content\/uploads\/2025\/11\/AdobeStock_671010992-1024x445.jpeg","datePublished":"2025-02-11T13:03:53+00:00","dateModified":"2025-11-19T14:25:37+00:00","breadcrumb":{"@id":"https:\/\/www.winmod.de\/nutzen\/planen\/#breadcrumb"},"inLanguage":"en-GB","potentialAction":[{"@type":"ReadAction","target":["https:\/\/www.winmod.de\/nutzen\/planen\/"]}]},{"@type":"ImageObject","inLanguage":"en-GB","@id":"https:\/\/www.winmod.de\/nutzen\/planen\/#primaryimage","url":"https:\/\/www.winmod.de\/wp-content\/uploads\/2025\/11\/AdobeStock_671010992-1024x445.jpeg","contentUrl":"https:\/\/www.winmod.de\/wp-content\/uploads\/2025\/11\/AdobeStock_671010992-1024x445.jpeg"},{"@type":"BreadcrumbList","@id":"https:\/\/www.winmod.de\/nutzen\/planen\/#breadcrumb","itemListElement":[{"@type":"ListItem","position":1,"name":"Startseite","item":"https:\/\/www.winmod.de\/"},{"@type":"ListItem","position":2,"name":"Nutzen","item":"https:\/\/www.winmod.de\/nutzen\/"},{"@type":"ListItem","position":3,"name":"Planen"}]},{"@type":"WebSite","@id":"https:\/\/www.winmod.de\/#website","url":"https:\/\/www.winmod.de\/","name":"WinMOD","description":"Virtual commissioning of machines and systems in real time","publisher":{"@id":"https:\/\/www.winmod.de\/#organization"},"alternateName":"WinMOD","potentialAction":[{"@type":"SearchAction","target":{"@type":"EntryPoint","urlTemplate":"https:\/\/www.winmod.de\/?s={search_term_string}"},"query-input":{"@type":"PropertyValueSpecification","valueRequired":true,"valueName":"search_term_string"}}],"inLanguage":"en-GB"},{"@type":"Organization","@id":"https:\/\/www.winmod.de\/#organization","name":"WinMOD Ltd.","alternateName":"WinMOD","url":"https:\/\/www.winmod.de\/","logo":{"@type":"ImageObject","inLanguage":"en-GB","@id":"https:\/\/www.winmod.de\/#\/schema\/logo\/image\/","url":"https:\/\/www.winmod.de\/wp-content\/uploads\/2024\/08\/winmod_logo.svg","contentUrl":"https:\/\/www.winmod.de\/wp-content\/uploads\/2024\/08\/winmod_logo.svg","width":299,"height":59,"caption":"WinMOD GmbH"},"image":{"@id":"https:\/\/www.winmod.de\/#\/schema\/logo\/image\/"},"sameAs":["https:\/\/de.linkedin.com\/company\/winmod-for-factory-automation","https:\/\/www.youtube.com\/channel\/UC8GOsn1z7XSHflxqIZS_V-g"]}]}},"_links":{"self":[{"href":"https:\/\/www.winmod.de\/en\/wp-json\/wp\/v2\/pages\/1714","targetHints":{"allow":["GET"]}}],"collection":[{"href":"https:\/\/www.winmod.de\/en\/wp-json\/wp\/v2\/pages"}],"about":[{"href":"https:\/\/www.winmod.de\/en\/wp-json\/wp\/v2\/types\/page"}],"author":[{"embeddable":true,"href":"https:\/\/www.winmod.de\/en\/wp-json\/wp\/v2\/users\/2"}],"replies":[{"embeddable":true,"href":"https:\/\/www.winmod.de\/en\/wp-json\/wp\/v2\/comments?post=1714"}],"version-history":[{"count":81,"href":"https:\/\/www.winmod.de\/en\/wp-json\/wp\/v2\/pages\/1714\/revisions"}],"predecessor-version":[{"id":6671,"href":"https:\/\/www.winmod.de\/en\/wp-json\/wp\/v2\/pages\/1714\/revisions\/6671"}],"up":[{"embeddable":true,"href":"https:\/\/www.winmod.de\/en\/wp-json\/wp\/v2\/pages\/886"}],"wp:attachment":[{"href":"https:\/\/www.winmod.de\/en\/wp-json\/wp\/v2\/media?parent=1714"}],"curies":[{"name":"wp","href":"https:\/\/api.w.org\/{rel}","templated":true}]}}